{"id":1164,"date":"2024-06-28T17:12:58","date_gmt":"2024-06-28T17:12:58","guid":{"rendered":"https:\/\/protectioninsurance.com\/servicios\/car-insurance\/"},"modified":"2024-09-18T13:49:49","modified_gmt":"2024-09-18T13:49:49","slug":"seguro-de-auto","status":"publish","type":"page","link":"https:\/\/protectioninsurance.com\/es\/servicios\/seguro-de-auto\/","title":{"rendered":"Seguro de Auto"},"content":{"rendered":"<div class=\"m-banner m-banner--full \" >\n\n\t\n\t\n\t<div class=\"m-banner__container container-fluid\" style='--columns-ratio: 47%;background-color: #1e2d5e;--module-bg-color: #1e2d5e'>\n\n\t\t<div class=\"m-banner__inner container style-dark\">\n\n\t\t\t<div class=\"l-banner  l-gt-d l-gb-d\" style=\"\">\n\n\t\t\t\t\n<div class=\"l-banner__text\">\n        <div class=\"l-banner__inner\">\n\n        <div class=\"c-heading -h1\">\n\t\t\t\n\t\t\t\t\t\t\t<h1  class=\"c-heading__title\">Seguro de Auto en el Estado de\u00a0<u>Florida<\/u><\/h1>\t\t\t\n\t\t\t        <\/div>\n    <\/div>\n\n    <div class=\"l-banner__text-bottom\">\n                    <div class=\"c-heading__description is-wysiwyg\">\n                <p>Los conductores deben llevar siempre prueba de seguro y mostrarla si son detenidos por las autoridades para confirmar que cumplen con los requisitos m\u00ednimos de cobertura.<\/p>\n            <\/div>\n                \t    <div class=\"c-block__btn\">\n\t\t\n\t\t\t<a href=\"\/es\/contacto\/\"  class=\"c-btn -normal -inverted \"><span class=\"c-btn__inner\"><span class=\"c-btn__txt\">Hable Con Un Experto<\/span><\/span><\/a>\n\t\t    <\/div>\n\t    <\/div>\n<\/div>\n\n    <div class=\"l-banner__media\">\n        <div class=\"l-banner__media-decor\"><\/div>\n\n\t\t\t\t\t\n\t\t\t\t            <div class=\"c-image\">\n            <figure class=\"c-image__media c-image__primary\">\n                <img decoding=\"async\" class=\"c-image__src lazy\" loading=\"lazy\" src=\"https:\/\/protectioninsurance.com\/wp-content\/uploads\/2024\/07\/handshake-1059x950.jpg\"  alt=\"handshake\" width=\"1059\" height=\"950\"\/>            <\/figure>\n        <\/div>\n    \n\t\t\t\n\t\t\n            <\/div>\n\n\t\t\t<\/div>\n\n\t\t\t\n    <div class=\"scroll-down sd-right\">\n        <span class=\"scroll-down__line\"><\/span>\n                    <img loading=\"lazy\" decoding=\"async\" src=\"https:\/\/protectioninsurance.com\/wp-content\/uploads\/2024\/07\/scroll-down.svg\" width=\"100\" height=\"100\" class=\"scroll-down__ico\" alt=\"Despl\u00e1cese hacia abajo\">\n            <\/div>\n\n\t\t<\/div>\n\t<\/div>\n\n<\/div>\n\n\n<div class=\"m-accordion  gt-l gb-l -colors-inverted\"  style='background-color: #1e2d5e;--module-bg-color: #1e2d5e'>\n\n\t\n\t\n\t<div class=\"m-accordion__container container\" style=\"\">\n\t\t<div class=\"l-accordion l-accordion-v2 order-default js-acc-wrapper icons-arrows has-counters has-underline\" style=\"--columns-ratio: 50%;\"  data-animation=\"js\">\n\n            <div class=\"l-accordion__col l-accordion__heading\">\n\n                    <div class=\"c-heading -h2 \">\n\t\t\n\t\t\n\t\t\t\t\t<h2  class=\"c-heading__title\">Cobertura <em><u>M\u00ednima<\/u><\/em> Requerida por Ley<\/h2>\t\t\n\t\t            <div class=\"c-heading__sub\" >\n\t\t\t\tMantente en conformidad con las leyes de tr\u00e1nsito de tu estado.            <\/div>\n\t\t    <\/div>\n    <div class=\"c-heading__description is-wysiwyg\">\n        <p>En el estado de Florida, la ley requiere que todos los propietarios de veh\u00edculos registren su veh\u00edculo con una cobertura m\u00ednima de seguro. Este seguro debe incluir la siguiente cobertura b\u00e1sica:<\/p>\n    <\/div>\n                \t    <div class=\"c-block__btn\">\n\t\t\n\t\t\t<a href=\"\/es\/contacto\/\"  class=\"c-btn -normal -inverted \"><span class=\"c-btn__inner\"><span class=\"c-btn__txt\">Obt\u00e9n Una Cotizaci\u00f3n<\/span><\/span><\/a>\n\t\t    <\/div>\n\t\n            <\/div>\n\n\t\t\t\n\t\t\t\t<div class=\"l-accordion__col l-accordion__content\">\n\n\t\t\t\t\t<div class=\"c-accordion\">\n\t\t\t\t\t\t\n\t\t\t\t\t\t\t\n<div class=\"c-accordion__item js-acc-item is-active\">\n\t\t\t\n\t\t<h3  class=\"c-accordion__title-wrap -h3\">        <button class=\"js-acc-button c-accordion__title\">\n\t\t\t<span class=\"acc-title\">Protecci\u00f3n contra Lesiones Personales<\/span>\n\t\t\t<span class=\"acc-icon\"><\/span>\n        <\/button>\n\t\t<\/h3>\t\n    <div class=\"js-acc-content\">\n\t\t            <div class=\"c-accordion__content\">\n                <div class=\"is-wysiwyg\">\n\t\t\t\t\t<p>Seguro de Protecci\u00f3n contra Lesiones Personales <strong>(PIP)<\/strong> cubre los gastos m\u00e9dicos y otros da\u00f1os econ\u00f3micos para el asegurado, sin importar qui\u00e9n tenga la culpa en el accidente.<\/p>\n<ul>\n<li>Monto M\u00ednimo Requerido: $10,000.<\/li>\n<li>Cobertura: 80% de los gastos m\u00e9dicos necesarios y razonables, 60% de los ingresos perdidos debido a discapacidad y una cantidad limitada para servicios funerarios.<\/li>\n<\/ul>\n                <\/div>\n\t\t\t\t\t\t\t\t\t\t    <div class=\"c-block__btn\">\n\t\t\n\t\t\t\n\t\t    <\/div>\n\t\t\t\t\t            <\/div>\n\t\t\n        <div class=\"c-accordion__media\">\n                    <\/div>\n    <\/div>\n\n<\/div>\n\n\t\t\t\t\t\t\t\n\t\t\t\t\t\t\t\n<div class=\"c-accordion__item js-acc-item\">\n\t\t\t\n\t\t<h3  class=\"c-accordion__title-wrap -h3\">        <button class=\"js-acc-button c-accordion__title\">\n\t\t\t<span class=\"acc-title\">Da\u00f1os a la Propiedad<\/span>\n\t\t\t<span class=\"acc-icon\"><\/span>\n        <\/button>\n\t\t<\/h3>\t\n    <div class=\"js-acc-content\">\n\t\t            <div class=\"c-accordion__content\">\n                <div class=\"is-wysiwyg\">\n\t\t\t\t\t<p>La Cobertura de Da\u00f1os a la Propiedad <strong>(PDL)<\/strong> cubre los da\u00f1os que puedas causar con tu veh\u00edculo a la propiedad de otra persona.<\/p>\n<ul>\n<li>Monto M\u00ednimo Requerido: $10,000.<\/li>\n<li>Cobertura: Da\u00f1os a veh\u00edculos, edificios, postes de luz, cercas y cualquier otro tipo de propiedad que no sea un veh\u00edculo que da\u00f1es en un accidente.<\/li>\n<\/ul>\n                <\/div>\n\t\t\t\t            <\/div>\n\t\t\n        <div class=\"c-accordion__media\">\n                    <\/div>\n    <\/div>\n\n<\/div>\n\n\t\t\t\t\t\t\t\t\t\t\t\t<\/div>\n\n\t\t\t\t<\/div>\n\n\t\t\t\n\t\t<\/div>\n\t<\/div>\n<\/div>\n\n\n\n<div class=\"section-divider container \" style=\"--line-color:#4db7ef\">\n\n\t\n\t        <div class=\"section-divider-icon\">\n            <img loading=\"lazy\" decoding=\"async\" width=\"131\" height=\"131\" src=\"https:\/\/protectioninsurance.com\/wp-content\/uploads\/2024\/07\/section-divider-logo.png\" class=\"section-divider-icon__src\" alt=\"section-divider-logo-2\" \/>        <\/div>\n\t\n<\/div>\n\n\n<div class=\"m-accordion  gt-l gb-l\"  style='background-color: #edfbff;--module-bg-color: #edfbff'>\n\n\t\n\t\n\t<div class=\"m-accordion__container container\" style=\"\">\n\t\t<div class=\"l-accordion l-accordion-v2 order-default js-acc-wrapper icons-arrows has-counters has-underline\" style=\"--columns-ratio: 50%;\"  data-animation=\"js\">\n\n            <div class=\"l-accordion__col l-accordion__heading\">\n\n                    <div class=\"c-heading -h2 \">\n\t\t\n\t\t\n\t\t\t\t\t<h2  class=\"c-heading__title\">Coberturas <br><em>Adicionales<\/em><\/h2>\t\t\n\t\t            <div class=\"c-heading__sub\" >\n\t\t\t\tSe recomienda que los conductores en Florida consideren adquirir coberturas adicionales para estar mejor protegidos:            <\/div>\n\t\t    <\/div>\n                \t    <div class=\"c-block__btn\">\n\t\t\n\t\t\t<a href=\"\/es\/contacto\/\"  class=\"c-btn -normal -primary \"><span class=\"c-btn__inner\"><span class=\"c-btn__txt\">Obt\u00e9n Una Cotizaci\u00f3n<\/span><\/span><\/a>\n\t\t    <\/div>\n\t\n            <\/div>\n\n\t\t\t\n\t\t\t\t<div class=\"l-accordion__col l-accordion__content\">\n\n\t\t\t\t\t<div class=\"c-accordion\">\n\t\t\t\t\t\t\n\t\t\t\t\t\t\t\n<div class=\"c-accordion__item js-acc-item is-active\">\n\t\t\t\n\t\t<h3  class=\"c-accordion__title-wrap -h3\">        <button class=\"js-acc-button c-accordion__title\">\n\t\t\t<span class=\"acc-title\">Responsabilidad por Lesiones Corporales<\/span>\n\t\t\t<span class=\"acc-icon\"><\/span>\n        <\/button>\n\t\t<\/h3>\t\n    <div class=\"js-acc-content\">\n\t\t            <div class=\"c-accordion__content\">\n                <div class=\"is-wysiwyg\">\n\t\t\t\t\t<p>La Cobertura de Responsabilidad por Lesiones Corporales <strong>(BIL)<\/strong> cubre los costos m\u00e9dicos y otros da\u00f1os resultantes de las lesiones causadas a terceros en un accidente por el cual el asegurado es responsable.<\/p>\n<ul>\n<li>Monto M\u00ednimo Sugerido: $10,000 por persona y $20,000 por accidente.<\/li>\n<li>Cobertura: Facturas m\u00e9dicas, gastos legales si se presenta una demanda y otros costos relacionados con las lesiones sufridas por otros.<\/li>\n<\/ul>\n                <\/div>\n\t\t\t\t\t\t\t\t\t\t    <div class=\"c-block__btn\">\n\t\t\n\t\t\t\n\t\t    <\/div>\n\t\t\t\t\t            <\/div>\n\t\t\n        <div class=\"c-accordion__media\">\n                    <\/div>\n    <\/div>\n\n<\/div>\n\n\t\t\t\t\t\t\t\n\t\t\t\t\t\t\t\n<div class=\"c-accordion__item js-acc-item\">\n\t\t\t\n\t\t<h3  class=\"c-accordion__title-wrap -h3\">        <button class=\"js-acc-button c-accordion__title\">\n\t\t\t<span class=\"acc-title\">Cobertura por Colisi\u00f3n<\/span>\n\t\t\t<span class=\"acc-icon\"><\/span>\n        <\/button>\n\t\t<\/h3>\t\n    <div class=\"js-acc-content\">\n\t\t            <div class=\"c-accordion__content\">\n                <div class=\"is-wysiwyg\">\n\t\t\t\t\t<p>Paga los da\u00f1os a tu propio veh\u00edculo resultantes de una colisi\u00f3n con otro veh\u00edculo u objeto.<\/p>\n<ul>\n<li><strong>Monto<\/strong>: Depende del valor del veh\u00edculo y del deducible seleccionado.<\/li>\n<li><strong>Cobertura<\/strong>: Reparaciones o el valor del veh\u00edculo si se declara p\u00e9rdida total.<\/li>\n<\/ul>\n                <\/div>\n\t\t\t\t            <\/div>\n\t\t\n        <div class=\"c-accordion__media\">\n                    <\/div>\n    <\/div>\n\n<\/div>\n\n\t\t\t\t\t\t\t\n\t\t\t\t\t\t\t\n<div class=\"c-accordion__item js-acc-item\">\n\t\t\t\n\t\t<h3  class=\"c-accordion__title-wrap -h3\">        <button class=\"js-acc-button c-accordion__title\">\n\t\t\t<span class=\"acc-title\">Cobertura Integral<\/span>\n\t\t\t<span class=\"acc-icon\"><\/span>\n        <\/button>\n\t\t<\/h3>\t\n    <div class=\"js-acc-content\">\n\t\t            <div class=\"c-accordion__content\">\n                <div class=\"is-wysiwyg\">\n\t\t\t\t\t<p>Cubre los da\u00f1os a tu veh\u00edculo que no son el resultado de una colisi\u00f3n, como robos, vandalismo, incendios, inundaciones o objetos ca\u00eddos.<\/p>\n<ul>\n<li><strong>Monto<\/strong>: Depende del valor del veh\u00edculo y del deducible seleccionado.<\/li>\n<li><strong>Cobertura<\/strong>: Da\u00f1os resultantes de eventos como los mencionados anteriormente.<\/li>\n<\/ul>\n                <\/div>\n\t\t\t\t            <\/div>\n\t\t\n        <div class=\"c-accordion__media\">\n                    <\/div>\n    <\/div>\n\n<\/div>\n\n\t\t\t\t\t\t\t\n\t\t\t\t\t\t\t\n<div class=\"c-accordion__item js-acc-item\">\n\t\t\t\n\t\t<h3  class=\"c-accordion__title-wrap -h3\">        <button class=\"js-acc-button c-accordion__title\">\n\t\t\t<span class=\"acc-title\">Cobertura para Motoristas No Asegurados\/Subasegurados<\/span>\n\t\t\t<span class=\"acc-icon\"><\/span>\n        <\/button>\n\t\t<\/h3>\t\n    <div class=\"js-acc-content\">\n\t\t            <div class=\"c-accordion__content\">\n                <div class=\"is-wysiwyg\">\n\t\t\t\t\t<p>Protege al asegurado en caso de que sea impactado por un conductor que no tiene seguro o tiene seguro insuficiente.<\/p>\n<ul>\n<li><strong>Monto<\/strong>: Var\u00eda seg\u00fan la p\u00f3liza adquirida.<\/li>\n<li><strong>Cobertura<\/strong>: Gastos m\u00e9dicos, salarios perdidos y otros da\u00f1os que puedas sufrir si resultas lesionado en un accidente con un conductor no asegurado.<\/li>\n<\/ul>\n                <\/div>\n\t\t\t\t            <\/div>\n\t\t\n        <div class=\"c-accordion__media\">\n                    <\/div>\n    <\/div>\n\n<\/div>\n\n\t\t\t\t\t\t\t\t\t\t\t\t<\/div>\n\n\t\t\t\t<\/div>\n\n\t\t\t\n\t\t<\/div>\n\t<\/div>\n<\/div>\n","protected":false},"excerpt":{"rendered":"","protected":false},"author":541,"featured_media":0,"parent":783,"menu_order":0,"comment_status":"closed","ping_status":"closed","template":"","meta":{"_acf_changed":false,"inline_featured_image":false,"footnotes":""},"class_list":["post-1164","page","type-page","status-publish","hentry"],"acf":[],"yoast_head":"<!-- This site is optimized with the Yoast SEO plugin v27.4 - https:\/\/yoast.com\/product\/yoast-seo-wordpress\/ -->\n<title>Seguro de Auto - Protection Insurance<\/title>\n<meta name=\"description\" content=\"Descubre nuestros servicios integrales de seguros de auto, dise\u00f1ados para adaptarse a tus necesidades. \u00a1Obt\u00e9n una cotizaci\u00f3n personalizada!\" \/>\n<meta name=\"robots\" content=\"index, follow, max-snippet:-1, max-image-preview:large, max-video-preview:-1\" \/>\n<link rel=\"canonical\" href=\"https:\/\/protectioninsurance.com\/services\/car-insurance\/\" \/>\n<meta property=\"og:locale\" content=\"es_ES\" \/>\n<meta property=\"og:type\" content=\"article\" \/>\n<meta property=\"og:title\" content=\"Seguro de auto | Protection Insurance\u200b\" \/>\n<meta property=\"og:description\" content=\"Descubre nuestros servicios integrales de seguros de auto, dise\u00f1ados para adaptarse a tus necesidades. \u00a1Obt\u00e9n una cotizaci\u00f3n personalizada!\" \/>\n<meta property=\"og:url\" content=\"https:\/\/protectioninsurance.com\/services\/car-insurance\/\" \/>\n<meta property=\"og:site_name\" content=\"Protection Insurance\" \/>\n<meta property=\"article:modified_time\" content=\"2024-09-18T13:49:49+00:00\" \/>\n<meta property=\"og:image\" content=\"https:\/\/protectioninsurance.com\/wp-content\/uploads\/2024\/08\/New-Project-1.jpg\" \/>\n\t<meta property=\"og:image:width\" content=\"619\" \/>\n\t<meta property=\"og:image:height\" content=\"244\" \/>\n\t<meta property=\"og:image:type\" content=\"image\/jpeg\" \/>\n<meta name=\"twitter:card\" content=\"summary_large_image\" \/>\n<meta name=\"twitter:label1\" content=\"Tiempo de lectura\" \/>\n\t<meta name=\"twitter:data1\" content=\"3 minutos\" \/>\n<script type=\"application\/ld+json\" class=\"yoast-schema-graph\">{\"@context\":\"https:\\\/\\\/schema.org\",\"@graph\":[{\"@type\":\"WebPage\",\"@id\":\"https:\\\/\\\/protectioninsurance.com\\\/services\\\/car-insurance\\\/\",\"url\":\"https:\\\/\\\/protectioninsurance.com\\\/services\\\/car-insurance\\\/\",\"name\":\"Seguro de Auto - Protection Insurance\",\"isPartOf\":{\"@id\":\"https:\\\/\\\/protectioninsurance.com\\\/#website\"},\"datePublished\":\"2024-06-28T17:12:58+00:00\",\"dateModified\":\"2024-09-18T13:49:49+00:00\",\"description\":\"Descubre nuestros servicios integrales de seguros de auto, dise\u00f1ados para adaptarse a tus necesidades. \u00a1Obt\u00e9n una cotizaci\u00f3n personalizada!\",\"breadcrumb\":{\"@id\":\"https:\\\/\\\/protectioninsurance.com\\\/services\\\/car-insurance\\\/#breadcrumb\"},\"inLanguage\":\"es\",\"potentialAction\":[{\"@type\":\"ReadAction\",\"target\":[\"https:\\\/\\\/protectioninsurance.com\\\/services\\\/car-insurance\\\/\"]}]},{\"@type\":\"BreadcrumbList\",\"@id\":\"https:\\\/\\\/protectioninsurance.com\\\/services\\\/car-insurance\\\/#breadcrumb\",\"itemListElement\":[{\"@type\":\"ListItem\",\"position\":1,\"name\":\"Home\",\"item\":\"https:\\\/\\\/protectioninsurance.com\\\/es\\\/\"},{\"@type\":\"ListItem\",\"position\":2,\"name\":\"Servicios\",\"item\":\"https:\\\/\\\/protectioninsurance.com\\\/es\\\/servicios\\\/\"},{\"@type\":\"ListItem\",\"position\":3,\"name\":\"Seguro de Auto\"}]},{\"@type\":\"WebSite\",\"@id\":\"https:\\\/\\\/protectioninsurance.com\\\/#website\",\"url\":\"https:\\\/\\\/protectioninsurance.com\\\/\",\"name\":\"Protection Insurance\",\"description\":\"\",\"potentialAction\":[{\"@type\":\"SearchAction\",\"target\":{\"@type\":\"EntryPoint\",\"urlTemplate\":\"https:\\\/\\\/protectioninsurance.com\\\/?s={search_term_string}\"},\"query-input\":{\"@type\":\"PropertyValueSpecification\",\"valueRequired\":true,\"valueName\":\"search_term_string\"}}],\"inLanguage\":\"es\"}]}<\/script>\n<!-- \/ Yoast SEO plugin. -->","yoast_head_json":{"title":"Seguro de Auto - Protection Insurance","description":"Descubre nuestros servicios integrales de seguros de auto, dise\u00f1ados para adaptarse a tus necesidades. \u00a1Obt\u00e9n una cotizaci\u00f3n personalizada!","robots":{"index":"index","follow":"follow","max-snippet":"max-snippet:-1","max-image-preview":"max-image-preview:large","max-video-preview":"max-video-preview:-1"},"canonical":"https:\/\/protectioninsurance.com\/services\/car-insurance\/","og_locale":"es_ES","og_type":"article","og_title":"Seguro de auto | Protection Insurance\u200b","og_description":"Descubre nuestros servicios integrales de seguros de auto, dise\u00f1ados para adaptarse a tus necesidades. \u00a1Obt\u00e9n una cotizaci\u00f3n personalizada!","og_url":"https:\/\/protectioninsurance.com\/services\/car-insurance\/","og_site_name":"Protection Insurance","article_modified_time":"2024-09-18T13:49:49+00:00","og_image":[{"width":619,"height":244,"url":"https:\/\/protectioninsurance.com\/wp-content\/uploads\/2024\/08\/New-Project-1.jpg","type":"image\/jpeg"}],"twitter_card":"summary_large_image","twitter_misc":{"Tiempo de lectura":"3 minutos"},"schema":{"@context":"https:\/\/schema.org","@graph":[{"@type":"WebPage","@id":"https:\/\/protectioninsurance.com\/services\/car-insurance\/","url":"https:\/\/protectioninsurance.com\/services\/car-insurance\/","name":"Seguro de Auto - Protection Insurance","isPartOf":{"@id":"https:\/\/protectioninsurance.com\/#website"},"datePublished":"2024-06-28T17:12:58+00:00","dateModified":"2024-09-18T13:49:49+00:00","description":"Descubre nuestros servicios integrales de seguros de auto, dise\u00f1ados para adaptarse a tus necesidades. \u00a1Obt\u00e9n una cotizaci\u00f3n personalizada!","breadcrumb":{"@id":"https:\/\/protectioninsurance.com\/services\/car-insurance\/#breadcrumb"},"inLanguage":"es","potentialAction":[{"@type":"ReadAction","target":["https:\/\/protectioninsurance.com\/services\/car-insurance\/"]}]},{"@type":"BreadcrumbList","@id":"https:\/\/protectioninsurance.com\/services\/car-insurance\/#breadcrumb","itemListElement":[{"@type":"ListItem","position":1,"name":"Home","item":"https:\/\/protectioninsurance.com\/es\/"},{"@type":"ListItem","position":2,"name":"Servicios","item":"https:\/\/protectioninsurance.com\/es\/servicios\/"},{"@type":"ListItem","position":3,"name":"Seguro de Auto"}]},{"@type":"WebSite","@id":"https:\/\/protectioninsurance.com\/#website","url":"https:\/\/protectioninsurance.com\/","name":"Protection Insurance","description":"","potentialAction":[{"@type":"SearchAction","target":{"@type":"EntryPoint","urlTemplate":"https:\/\/protectioninsurance.com\/?s={search_term_string}"},"query-input":{"@type":"PropertyValueSpecification","valueRequired":true,"valueName":"search_term_string"}}],"inLanguage":"es"}]}},"_links":{"self":[{"href":"https:\/\/protectioninsurance.com\/es\/wp-json\/wp\/v2\/pages\/1164","targetHints":{"allow":["GET"]}}],"collection":[{"href":"https:\/\/protectioninsurance.com\/es\/wp-json\/wp\/v2\/pages"}],"about":[{"href":"https:\/\/protectioninsurance.com\/es\/wp-json\/wp\/v2\/types\/page"}],"author":[{"embeddable":true,"href":"https:\/\/protectioninsurance.com\/es\/wp-json\/wp\/v2\/users\/541"}],"replies":[{"embeddable":true,"href":"https:\/\/protectioninsurance.com\/es\/wp-json\/wp\/v2\/comments?post=1164"}],"version-history":[{"count":3,"href":"https:\/\/protectioninsurance.com\/es\/wp-json\/wp\/v2\/pages\/1164\/revisions"}],"predecessor-version":[{"id":3038,"href":"https:\/\/protectioninsurance.com\/es\/wp-json\/wp\/v2\/pages\/1164\/revisions\/3038"}],"up":[{"embeddable":true,"href":"https:\/\/protectioninsurance.com\/es\/wp-json\/wp\/v2\/pages\/783"}],"wp:attachment":[{"href":"https:\/\/protectioninsurance.com\/es\/wp-json\/wp\/v2\/media?parent=1164"}],"curies":[{"name":"wp","href":"https:\/\/api.w.org\/{rel}","templated":true}]}}