{"id":1212,"date":"2024-06-28T17:13:12","date_gmt":"2024-06-28T17:13:12","guid":{"rendered":"https:\/\/protectioninsurance.com\/servicios\/commercial-insurance\/"},"modified":"2024-09-18T13:52:16","modified_gmt":"2024-09-18T13:52:16","slug":"seguros-comerciales","status":"publish","type":"page","link":"https:\/\/protectioninsurance.com\/es\/servicios\/seguros-comerciales\/","title":{"rendered":"Seguros Comerciales"},"content":{"rendered":"<div class=\"m-banner m-banner--full \" >\n\n\t\n\t\n\t<div class=\"m-banner__container container-fluid\" style='--columns-ratio: 47%;background-color: #1e2d5e;--module-bg-color: #1e2d5e'>\n\n\t\t<div class=\"m-banner__inner container style-dark\">\n\n\t\t\t<div class=\"l-banner  l-gt-d l-gb-d\" style=\"\">\n\n\t\t\t\t\n<div class=\"l-banner__text\">\n        <div class=\"l-banner__inner\">\n\n        <div class=\"c-heading -h1\">\n\t\t\t\n\t\t\t\t\t\t\t<h1  class=\"c-heading__title\">Polizas de <br>Seguros<u>Comerciales<\/u><\/h1>\t\t\t\n\t\t\t        <\/div>\n    <\/div>\n\n    <div class=\"l-banner__text-bottom\">\n                    <div class=\"c-heading__description is-wysiwyg\">\n                <p>Protege tu empresa de responsabilidades y p\u00e9rdidas.<\/p>\n            <\/div>\n                \t    <div class=\"c-block__btn\">\n\t\t\n\t\t\t<a href=\"\/es\/contacto\/\"  class=\"c-btn -normal -inverted \"><span class=\"c-btn__inner\"><span class=\"c-btn__txt\">Habla Con Un Experto<\/span><\/span><\/a>\n\t\t    <\/div>\n\t    <\/div>\n<\/div>\n\n    <div class=\"l-banner__media\">\n        <div class=\"l-banner__media-decor\"><\/div>\n\n\t\t\t\t\t\n\t\t\t\t            <div class=\"c-image\">\n            <figure class=\"c-image__media c-image__primary\">\n                <img decoding=\"async\" class=\"c-image__src lazy\" loading=\"lazy\" src=\"https:\/\/protectioninsurance.com\/wp-content\/uploads\/2024\/08\/iStock-1062476440-1300x888.jpg\"  alt=\"iStock-1062476440\" width=\"1300\" height=\"888\"\/>            <\/figure>\n        <\/div>\n    \n\t\t\t\n\t\t\n            <\/div>\n\n\t\t\t<\/div>\n\n\t\t\t\n    <div class=\"scroll-down sd-right\">\n        <span class=\"scroll-down__line\"><\/span>\n                    <img loading=\"lazy\" decoding=\"async\" src=\"https:\/\/protectioninsurance.com\/wp-content\/uploads\/2024\/07\/scroll-down.svg\" width=\"100\" height=\"100\" class=\"scroll-down__ico\" alt=\"Despl\u00e1cese hacia abajo\">\n            <\/div>\n\n\t\t<\/div>\n\t<\/div>\n\n<\/div>\n\n\n<div class=\"m-accordion  gt-l gb-l -colors-inverted\"  style='background-color: #1e2d5e;--module-bg-color: #1e2d5e'>\n\n\t\n\t\n\t<div class=\"m-accordion__container container\" style=\"\">\n\t\t<div class=\"l-accordion l-accordion-v2 order-default js-acc-wrapper icons-arrows has-counters has-underline\" style=\"--columns-ratio: 50%;\"  data-animation=\"js\">\n\n            <div class=\"l-accordion__col l-accordion__heading\">\n\n                    <div class=\"c-heading -h2 \">\n\t\t\n\t\t\n\t\t\t\t\t<h2  class=\"c-heading__title\">Soluciones de Seguro <em>Personalizadas<\/em><\/h2>\t\t\n\t\t    <\/div>\n    <div class=\"c-heading__description is-wysiwyg\">\n        <p>Contar con un seguro comercial adecuado es crucial para garantizar la continuidad y el crecimiento de tu empresa. Una p\u00f3liza de seguro comercial puede personalizarse para satisfacer las necesidades espec\u00edficas de cada negocio, pero existen algunas coberturas b\u00e1sicas que son fundamentales para la mayor\u00eda de las empresas:<\/p>\n    <\/div>\n                \t    <div class=\"c-block__btn\">\n\t\t\n\t\t\t<a href=\"\/es\/contacto\/\"  class=\"c-btn -normal -inverted \"><span class=\"c-btn__inner\"><span class=\"c-btn__txt\">Obtenga Una Cotizaci\u00f3n<\/span><\/span><\/a>\n\t\t    <\/div>\n\t\n            <\/div>\n\n\t\t\t\n\t\t\t\t<div class=\"l-accordion__col l-accordion__content\">\n\n\t\t\t\t\t<div class=\"c-accordion\">\n\t\t\t\t\t\t\n\t\t\t\t\t\t\t\n<div class=\"c-accordion__item js-acc-item is-active\">\n\t\t\t\n\t\t<h3  class=\"c-accordion__title-wrap -h3\">        <button class=\"js-acc-button c-accordion__title\">\n\t\t\t<span class=\"acc-title\">Seguro de Propiedad Comercial<\/span>\n\t\t\t<span class=\"acc-icon\"><\/span>\n        <\/button>\n\t\t<\/h3>\t\n    <div class=\"js-acc-content\">\n\t\t            <div class=\"c-accordion__content\">\n                <div class=\"is-wysiwyg\">\n\t\t\t\t\t<ul>\n<li><strong>Cobertura:<\/strong> Protege edificios y propiedad personal comercial, como equipos, inventario, muebles y otros activos tangibles.<\/li>\n<li><strong>Monto:<\/strong> Debe cubrir el costo de reemplazar o reparar la propiedad da\u00f1ada o destruida.<\/li>\n<li><strong>Qu\u00e9 Cubre:<\/strong> Da\u00f1os causados por incendios, tormentas, robos, vandalismo y otros eventos cubiertos. No cubre da\u00f1os por inundaciones o terremotos, los cuales requieren p\u00f3lizas separadas.<\/li>\n<\/ul>\n                <\/div>\n\t\t\t\t\t\t\t\t\t\t    <div class=\"c-block__btn\">\n\t\t\n\t\t\t\n\t\t    <\/div>\n\t\t\t\t\t            <\/div>\n\t\t\n        <div class=\"c-accordion__media\">\n                    <\/div>\n    <\/div>\n\n<\/div>\n\n\t\t\t\t\t\t\t\n\t\t\t\t\t\t\t\n<div class=\"c-accordion__item js-acc-item\">\n\t\t\t\n\t\t<h3  class=\"c-accordion__title-wrap -h3\">        <button class=\"js-acc-button c-accordion__title\">\n\t\t\t<span class=\"acc-title\">Seguro de Responsabilidad General<\/span>\n\t\t\t<span class=\"acc-icon\"><\/span>\n        <\/button>\n\t\t<\/h3>\t\n    <div class=\"js-acc-content\">\n\t\t            <div class=\"c-accordion__content\">\n                <div class=\"is-wysiwyg\">\n\t\t\t\t\t<ul>\n<li><strong>Cobertura:<\/strong> Protege contra reclamaciones por lesiones corporales o da\u00f1os a la propiedad que ocurran en las instalaciones comerciales o como resultado de las operaciones del negocio.<\/li>\n<li><strong>Monto M\u00ednimo Sugerido:<\/strong> Var\u00eda seg\u00fan el tama\u00f1o y tipo de negocio, pero generalmente comienza en $1,000,000 por incidente.<\/li>\n<li><strong>Qu\u00e9 Cubre:<\/strong> Gastos m\u00e9dicos, costos legales y da\u00f1os. Tambi\u00e9n puede cubrir da\u00f1os a la propiedad de terceros y responsabilidad publicitaria.<\/li>\n<\/ul>\n                <\/div>\n\t\t\t\t            <\/div>\n\t\t\n        <div class=\"c-accordion__media\">\n                    <\/div>\n    <\/div>\n\n<\/div>\n\n\t\t\t\t\t\t\t\n\t\t\t\t\t\t\t\n<div class=\"c-accordion__item js-acc-item\">\n\t\t\t\n\t\t<h3  class=\"c-accordion__title-wrap -h3\">        <button class=\"js-acc-button c-accordion__title\">\n\t\t\t<span class=\"acc-title\">Seguro de Interrupci\u00f3n de Negocios<\/span>\n\t\t\t<span class=\"acc-icon\"><\/span>\n        <\/button>\n\t\t<\/h3>\t\n    <div class=\"js-acc-content\">\n\t\t            <div class=\"c-accordion__content\">\n                <div class=\"is-wysiwyg\">\n\t\t\t\t\t<ul>\n<li><strong>Cobertura:<\/strong> Cubre la p\u00e9rdida de ingresos y los gastos operativos continuos si el negocio debe cerrar temporalmente debido a un evento cubierto, como un incendio o desastre natural.<\/li>\n<li><strong>Monto:<\/strong> Basado en los ingresos anuales del negocio y los gastos operativos.<\/li>\n<li><strong>Qu\u00e9 Cubre:<\/strong> P\u00e9rdida de ingresos, alquiler, salarios de empleados y otros costos operativos esenciales.<\/li>\n<\/ul>\n                <\/div>\n\t\t\t\t            <\/div>\n\t\t\n        <div class=\"c-accordion__media\">\n                    <\/div>\n    <\/div>\n\n<\/div>\n\n\t\t\t\t\t\t\t\n\t\t\t\t\t\t\t\n<div class=\"c-accordion__item js-acc-item\">\n\t\t\t\n\t\t<h3  class=\"c-accordion__title-wrap -h3\">        <button class=\"js-acc-button c-accordion__title\">\n\t\t\t<span class=\"acc-title\">Seguro de Auto Comercial<\/span>\n\t\t\t<span class=\"acc-icon\"><\/span>\n        <\/button>\n\t\t<\/h3>\t\n    <div class=\"js-acc-content\">\n\t\t            <div class=\"c-accordion__content\">\n                <div class=\"is-wysiwyg\">\n\t\t\t\t\t<ul>\n<li><strong>Cobertura:<\/strong> Protege los veh\u00edculos utilizados para fines comerciales contra accidentes, robos y da\u00f1os.<\/li>\n<li><strong>Monto M\u00ednimo Sugerido:<\/strong> Var\u00eda seg\u00fan el tipo de veh\u00edculo y el uso, pero debe cumplir con los requisitos m\u00ednimos establecidos por el estado de Florida.<\/li>\n<li><strong>Qu\u00e9 Cubre:<\/strong> Da\u00f1os a veh\u00edculos comerciales, responsabilidad por lesiones a terceros y da\u00f1os a la propiedad en accidentes.<\/li>\n<\/ul>\n                <\/div>\n\t\t\t\t            <\/div>\n\t\t\n        <div class=\"c-accordion__media\">\n                    <\/div>\n    <\/div>\n\n<\/div>\n\n\t\t\t\t\t\t\t\n\t\t\t\t\t\t\t\n<div class=\"c-accordion__item js-acc-item\">\n\t\t\t\n\t\t<h3  class=\"c-accordion__title-wrap -h3\">        <button class=\"js-acc-button c-accordion__title\">\n\t\t\t<span class=\"acc-title\">Seguro de Responsabilidad Profesional<\/span>\n\t\t\t<span class=\"acc-icon\"><\/span>\n        <\/button>\n\t\t<\/h3>\t\n    <div class=\"js-acc-content\">\n\t\t            <div class=\"c-accordion__content\">\n                <div class=\"is-wysiwyg\">\n\t\t\t\t\t<ul>\n<li><strong>Cobertura:<\/strong> Tambi\u00e9n conocido como seguro de errores y omisiones (E&amp;O), protege contra reclamaciones por negligencia profesional, errores u omisiones en la prestaci\u00f3n de servicios.<\/li>\n<li><strong>Monto:<\/strong> Depende del riesgo asociado con la profesi\u00f3n y el tama\u00f1o del negocio.<\/li>\n<li><strong>Qu\u00e9 Cubre:<\/strong> Costos legales, da\u00f1os y otros gastos relacionados con la defensa contra reclamaciones.<\/li>\n<\/ul>\n                <\/div>\n\t\t\t\t            <\/div>\n\t\t\n        <div class=\"c-accordion__media\">\n                    <\/div>\n    <\/div>\n\n<\/div>\n\n\t\t\t\t\t\t\t\n\t\t\t\t\t\t\t\n<div class=\"c-accordion__item js-acc-item\">\n\t\t\t\n\t\t<h3  class=\"c-accordion__title-wrap -h3\">        <button class=\"js-acc-button c-accordion__title\">\n\t\t\t<span class=\"acc-title\">Seguro de Compensaci\u00f3n para Trabajadores<\/span>\n\t\t\t<span class=\"acc-icon\"><\/span>\n        <\/button>\n\t\t<\/h3>\t\n    <div class=\"js-acc-content\">\n\t\t            <div class=\"c-accordion__content\">\n                <div class=\"is-wysiwyg\">\n\t\t\t\t\t<ul>\n<li><strong>Cobertura:<\/strong> Obligatorio en Florida para la mayor\u00eda de los negocios, cubre los costos m\u00e9dicos y salarios perdidos de los empleados que resulten heridos o enfermos debido al trabajo.<\/li>\n<li><strong>Monto:<\/strong> Determinado por la n\u00f3mina y la clase de riesgo de los empleados.<\/li>\n<li><strong>Qu\u00e9 Cubre:<\/strong> Gastos m\u00e9dicos, rehabilitaci\u00f3n y compensaci\u00f3n por ingresos perdidos. Tambi\u00e9n protege al negocio de demandas relacionadas con lesiones en el lugar de trabajo.<\/li>\n<\/ul>\n                <\/div>\n\t\t\t\t            <\/div>\n\t\t\n        <div class=\"c-accordion__media\">\n                    <\/div>\n    <\/div>\n\n<\/div>\n\n\t\t\t\t\t\t\t\n\t\t\t\t\t\t\t\n<div class=\"c-accordion__item js-acc-item\">\n\t\t\t\n\t\t<h3  class=\"c-accordion__title-wrap -h3\">        <button class=\"js-acc-button c-accordion__title\">\n\t\t\t<span class=\"acc-title\">P\u00f3liza Integral para Empresas<\/span>\n\t\t\t<span class=\"acc-icon\"><\/span>\n        <\/button>\n\t\t<\/h3>\t\n    <div class=\"js-acc-content\">\n\t\t            <div class=\"c-accordion__content\">\n                <div class=\"is-wysiwyg\">\n\t\t\t\t\t<p>Es un tipo de paquete de seguro que combina varios tipos de cobertura en una sola p\u00f3liza integral. Est\u00e1 dise\u00f1ado principalmente para peque\u00f1as y medianas empresas y es una forma rentable de cubrir los riesgos comunes que enfrentan estos negocios. Puede combinar:<\/p>\n<ul>\n<li>Seguro de Propiedad<\/li>\n<li>Responsabilidad Civil General<\/li>\n<li>Seguro de Interrupci\u00f3n de Negocios<\/li>\n<li>Otros<\/li>\n<\/ul>\n                <\/div>\n\t\t\t\t            <\/div>\n\t\t\n        <div class=\"c-accordion__media\">\n                    <\/div>\n    <\/div>\n\n<\/div>\n\n\t\t\t\t\t\t\t\t\t\t\t\t<\/div>\n\n\t\t\t\t<\/div>\n\n\t\t\t\n\t\t<\/div>\n\t<\/div>\n<\/div>\n\n\n\n<div class=\"section-divider container \" style=\"--line-color:#4db7ef\">\n\n\t\n\t        <div class=\"section-divider-icon\">\n            <img loading=\"lazy\" decoding=\"async\" width=\"131\" height=\"131\" src=\"https:\/\/protectioninsurance.com\/wp-content\/uploads\/2024\/07\/section-divider-logo.png\" class=\"section-divider-icon__src\" alt=\"section-divider-logo-2\" \/>        <\/div>\n\t\n<\/div>\n\n\n<div class=\"m-accordion  gt-l gb-l\"  style='background-color: #edfbff;--module-bg-color: #edfbff'>\n\n\t\n\t\n\t<div class=\"m-accordion__container container\" style=\"\">\n\t\t<div class=\"l-accordion l-accordion-v2 order-default js-acc-wrapper icons-arrows has-counters has-underline\" style=\"--columns-ratio: 50%;\"  data-animation=\"js\">\n\n            <div class=\"l-accordion__col l-accordion__heading\">\n\n                    <div class=\"c-heading -h2 \">\n\t\t\n\t\t\n\t\t\t\t\t<h2  class=\"c-heading__title\">Coberturas <br><em>Adicionales<\/em><\/h2>\t\t\n\t\t    <\/div>\n    <div class=\"c-heading__description is-wysiwyg\">\n        <p>Dependiendo del tipo de negocio y de los riesgos espec\u00edficos que enfrente, las empresas en Florida pueden necesitar coberturas adicionales para garantizar una protecci\u00f3n completa:<\/p>\n    <\/div>\n                \t    <div class=\"c-block__btn\">\n\t\t\n\t\t\t<a href=\"\/es\/contacto\/\"  class=\"c-btn -normal -primary \"><span class=\"c-btn__inner\"><span class=\"c-btn__txt\">Obtenga Una Cotizaci\u00f3n<\/span><\/span><\/a>\n\t\t    <\/div>\n\t\n            <\/div>\n\n\t\t\t\n\t\t\t\t<div class=\"l-accordion__col l-accordion__content\">\n\n\t\t\t\t\t<div class=\"c-accordion\">\n\t\t\t\t\t\t\n\t\t\t\t\t\t\t\n<div class=\"c-accordion__item js-acc-item is-active\">\n\t\t\t\n\t\t<h3  class=\"c-accordion__title-wrap -h3\">        <button class=\"js-acc-button c-accordion__title\">\n\t\t\t<span class=\"acc-title\">Seguro Contra Ciber Riesgos<\/span>\n\t\t\t<span class=\"acc-icon\"><\/span>\n        <\/button>\n\t\t<\/h3>\t\n    <div class=\"js-acc-content\">\n\t\t            <div class=\"c-accordion__content\">\n                <div class=\"is-wysiwyg\">\n\t\t\t\t\t<ul>\n<li><strong>Cobertura<\/strong>: Protege contra las p\u00e9rdidas resultantes de ataques cibern\u00e9ticos, violaciones de datos y otros incidentes de seguridad digital.<\/li>\n<li><strong>Monto<\/strong>: Basado en el volumen de datos manejados y el riesgo asociado.<\/li>\n<li><strong>Lo que Cubre<\/strong>: Costos de notificaci\u00f3n, restauraci\u00f3n de datos, demandas legales y multas regulatorias.<\/li>\n<\/ul>\n                <\/div>\n\t\t\t\t\t\t\t\t\t\t    <div class=\"c-block__btn\">\n\t\t\n\t\t\t\n\t\t    <\/div>\n\t\t\t\t\t            <\/div>\n\t\t\n        <div class=\"c-accordion__media\">\n                    <\/div>\n    <\/div>\n\n<\/div>\n\n\t\t\t\t\t\t\t\n\t\t\t\t\t\t\t\n<div class=\"c-accordion__item js-acc-item\">\n\t\t\t\n\t\t<h3  class=\"c-accordion__title-wrap -h3\">        <button class=\"js-acc-button c-accordion__title\">\n\t\t\t<span class=\"acc-title\">Seguro Contra Inundaciones<\/span>\n\t\t\t<span class=\"acc-icon\"><\/span>\n        <\/button>\n\t\t<\/h3>\t\n    <div class=\"js-acc-content\">\n\t\t            <div class=\"c-accordion__content\">\n                <div class=\"is-wysiwyg\">\n\t\t\t\t\t<ul>\n<li><strong>Cobertura:<\/strong> Protege contra da\u00f1os por inundaciones, que no est\u00e1n cubiertos en las p\u00f3lizas est\u00e1ndar de seguro de propiedad comercial.<\/li>\n<li><strong>Monto:<\/strong> Determinado por la ubicaci\u00f3n y el valor de la propiedad.<\/li>\n<li><strong>Lo que Cubre<\/strong>: Da\u00f1os estructurales y p\u00e9rdidas de contenido debido a inundaciones.<\/li>\n<\/ul>\n                <\/div>\n\t\t\t\t            <\/div>\n\t\t\n        <div class=\"c-accordion__media\">\n                    <\/div>\n    <\/div>\n\n<\/div>\n\n\t\t\t\t\t\t\t\n\t\t\t\t\t\t\t\n<div class=\"c-accordion__item js-acc-item\">\n\t\t\t\n\t\t<h3  class=\"c-accordion__title-wrap -h3\">        <button class=\"js-acc-button c-accordion__title\">\n\t\t\t<span class=\"acc-title\">Seguro de Responsabilidad de Directores y Oficiales<\/span>\n\t\t\t<span class=\"acc-icon\"><\/span>\n        <\/button>\n\t\t<\/h3>\t\n    <div class=\"js-acc-content\">\n\t\t            <div class=\"c-accordion__content\">\n                <div class=\"is-wysiwyg\">\n\t\t\t\t\t<ul>\n<li><strong>Cobertura<\/strong>: Protege a los directores y oficiales de la empresa contra demandas por decisiones y acciones tomadas en el curso de su gesti\u00f3n.<\/li>\n<li><strong>Monto<\/strong>: Var\u00eda seg\u00fan el tama\u00f1o de la empresa y el nivel de riesgo.<\/li>\n<li><strong>Lo que Cubre<\/strong>: Costos legales, compensaciones por da\u00f1os y perjuicios, y otros gastos asociados con la defensa de demandas.<\/li>\n<\/ul>\n                <\/div>\n\t\t\t\t            <\/div>\n\t\t\n        <div class=\"c-accordion__media\">\n                    <\/div>\n    <\/div>\n\n<\/div>\n\n\t\t\t\t\t\t\t\n\t\t\t\t\t\t\t\n<div class=\"c-accordion__item js-acc-item\">\n\t\t\t\n\t\t<h3  class=\"c-accordion__title-wrap -h3\">        <button class=\"js-acc-button c-accordion__title\">\n\t\t\t<span class=\"acc-title\">Seguro de Equipo<\/span>\n\t\t\t<span class=\"acc-icon\"><\/span>\n        <\/button>\n\t\t<\/h3>\t\n    <div class=\"js-acc-content\">\n\t\t            <div class=\"c-accordion__content\">\n                <div class=\"is-wysiwyg\">\n\t\t\t\t\t<ul>\n<li><strong>Cobertura<\/strong>: Cubre la reparaci\u00f3n o reemplazo de equipos esenciales para el negocio que se descompongan inesperadamente.<\/li>\n<li><strong>Monto<\/strong>: Basado en el valor de los equipos asegurados.<\/li>\n<li><strong>Lo que Cubre<\/strong>: Costos de reparaci\u00f3n o reemplazo de equipos, y en algunos casos, p\u00e9rdida de ingresos debido a la interrupci\u00f3n del negocio.<\/li>\n<\/ul>\n                <\/div>\n\t\t\t\t            <\/div>\n\t\t\n        <div class=\"c-accordion__media\">\n                    <\/div>\n    <\/div>\n\n<\/div>\n\n\t\t\t\t\t\t\t\t\t\t\t\t<\/div>\n\n\t\t\t\t<\/div>\n\n\t\t\t\n\t\t<\/div>\n\t<\/div>\n<\/div>\n","protected":false},"excerpt":{"rendered":"","protected":false},"author":541,"featured_media":0,"parent":783,"menu_order":0,"comment_status":"closed","ping_status":"closed","template":"","meta":{"_acf_changed":false,"inline_featured_image":false,"footnotes":""},"class_list":["post-1212","page","type-page","status-publish","hentry"],"acf":[],"yoast_head":"<!-- This site is optimized with the Yoast SEO plugin v27.4 - https:\/\/yoast.com\/product\/yoast-seo-wordpress\/ -->\n<title>Seguros Comerciales - Protection Insurance<\/title>\n<meta name=\"description\" content=\"Descubre nuestros servicios integrales de seguros comerciales, dise\u00f1ados para adaptarse a tus necesidades. \u00a1Obt\u00e9n una cotizaci\u00f3n personalizada!\" \/>\n<meta name=\"robots\" content=\"index, follow, max-snippet:-1, max-image-preview:large, max-video-preview:-1\" \/>\n<link rel=\"canonical\" href=\"https:\/\/protectioninsurance.com\/services\/commercial-insurance\/\" \/>\n<meta property=\"og:locale\" content=\"es_ES\" \/>\n<meta property=\"og:type\" content=\"article\" \/>\n<meta property=\"og:title\" content=\"Seguros comerciales | Protection Insurance\u200b\" \/>\n<meta property=\"og:description\" content=\"Descubre nuestros servicios integrales de seguros comerciales, dise\u00f1ados para adaptarse a tus necesidades. \u00a1Obt\u00e9n una cotizaci\u00f3n personalizada!\" \/>\n<meta property=\"og:url\" content=\"https:\/\/protectioninsurance.com\/services\/commercial-insurance\/\" \/>\n<meta property=\"og:site_name\" content=\"Protection Insurance\" \/>\n<meta property=\"article:modified_time\" content=\"2024-09-18T13:52:16+00:00\" \/>\n<meta property=\"og:image\" content=\"https:\/\/protectioninsurance.com\/wp-content\/uploads\/2024\/08\/New-Project-13.jpg\" \/>\n\t<meta property=\"og:image:width\" content=\"619\" \/>\n\t<meta property=\"og:image:height\" content=\"244\" \/>\n\t<meta property=\"og:image:type\" content=\"image\/jpeg\" \/>\n<meta name=\"twitter:card\" content=\"summary_large_image\" \/>\n<meta name=\"twitter:label1\" content=\"Tiempo de lectura\" \/>\n\t<meta name=\"twitter:data1\" content=\"5 minutos\" \/>\n<script type=\"application\/ld+json\" class=\"yoast-schema-graph\">{\"@context\":\"https:\\\/\\\/schema.org\",\"@graph\":[{\"@type\":\"WebPage\",\"@id\":\"https:\\\/\\\/protectioninsurance.com\\\/services\\\/commercial-insurance\\\/\",\"url\":\"https:\\\/\\\/protectioninsurance.com\\\/services\\\/commercial-insurance\\\/\",\"name\":\"Seguros Comerciales - Protection Insurance\",\"isPartOf\":{\"@id\":\"https:\\\/\\\/protectioninsurance.com\\\/#website\"},\"datePublished\":\"2024-06-28T17:13:12+00:00\",\"dateModified\":\"2024-09-18T13:52:16+00:00\",\"description\":\"Descubre nuestros servicios integrales de seguros comerciales, dise\u00f1ados para adaptarse a tus necesidades. \u00a1Obt\u00e9n una cotizaci\u00f3n personalizada!\",\"breadcrumb\":{\"@id\":\"https:\\\/\\\/protectioninsurance.com\\\/services\\\/commercial-insurance\\\/#breadcrumb\"},\"inLanguage\":\"es\",\"potentialAction\":[{\"@type\":\"ReadAction\",\"target\":[\"https:\\\/\\\/protectioninsurance.com\\\/services\\\/commercial-insurance\\\/\"]}]},{\"@type\":\"BreadcrumbList\",\"@id\":\"https:\\\/\\\/protectioninsurance.com\\\/services\\\/commercial-insurance\\\/#breadcrumb\",\"itemListElement\":[{\"@type\":\"ListItem\",\"position\":1,\"name\":\"Home\",\"item\":\"https:\\\/\\\/protectioninsurance.com\\\/es\\\/\"},{\"@type\":\"ListItem\",\"position\":2,\"name\":\"Servicios\",\"item\":\"https:\\\/\\\/protectioninsurance.com\\\/es\\\/servicios\\\/\"},{\"@type\":\"ListItem\",\"position\":3,\"name\":\"Seguros Comerciales\"}]},{\"@type\":\"WebSite\",\"@id\":\"https:\\\/\\\/protectioninsurance.com\\\/#website\",\"url\":\"https:\\\/\\\/protectioninsurance.com\\\/\",\"name\":\"Protection Insurance\",\"description\":\"\",\"potentialAction\":[{\"@type\":\"SearchAction\",\"target\":{\"@type\":\"EntryPoint\",\"urlTemplate\":\"https:\\\/\\\/protectioninsurance.com\\\/?s={search_term_string}\"},\"query-input\":{\"@type\":\"PropertyValueSpecification\",\"valueRequired\":true,\"valueName\":\"search_term_string\"}}],\"inLanguage\":\"es\"}]}<\/script>\n<!-- \/ Yoast SEO plugin. -->","yoast_head_json":{"title":"Seguros Comerciales - Protection Insurance","description":"Descubre nuestros servicios integrales de seguros comerciales, dise\u00f1ados para adaptarse a tus necesidades. \u00a1Obt\u00e9n una cotizaci\u00f3n personalizada!","robots":{"index":"index","follow":"follow","max-snippet":"max-snippet:-1","max-image-preview":"max-image-preview:large","max-video-preview":"max-video-preview:-1"},"canonical":"https:\/\/protectioninsurance.com\/services\/commercial-insurance\/","og_locale":"es_ES","og_type":"article","og_title":"Seguros comerciales | Protection Insurance\u200b","og_description":"Descubre nuestros servicios integrales de seguros comerciales, dise\u00f1ados para adaptarse a tus necesidades. \u00a1Obt\u00e9n una cotizaci\u00f3n personalizada!","og_url":"https:\/\/protectioninsurance.com\/services\/commercial-insurance\/","og_site_name":"Protection Insurance","article_modified_time":"2024-09-18T13:52:16+00:00","og_image":[{"width":619,"height":244,"url":"https:\/\/protectioninsurance.com\/wp-content\/uploads\/2024\/08\/New-Project-13.jpg","type":"image\/jpeg"}],"twitter_card":"summary_large_image","twitter_misc":{"Tiempo de lectura":"5 minutos"},"schema":{"@context":"https:\/\/schema.org","@graph":[{"@type":"WebPage","@id":"https:\/\/protectioninsurance.com\/services\/commercial-insurance\/","url":"https:\/\/protectioninsurance.com\/services\/commercial-insurance\/","name":"Seguros Comerciales - Protection Insurance","isPartOf":{"@id":"https:\/\/protectioninsurance.com\/#website"},"datePublished":"2024-06-28T17:13:12+00:00","dateModified":"2024-09-18T13:52:16+00:00","description":"Descubre nuestros servicios integrales de seguros comerciales, dise\u00f1ados para adaptarse a tus necesidades. \u00a1Obt\u00e9n una cotizaci\u00f3n personalizada!","breadcrumb":{"@id":"https:\/\/protectioninsurance.com\/services\/commercial-insurance\/#breadcrumb"},"inLanguage":"es","potentialAction":[{"@type":"ReadAction","target":["https:\/\/protectioninsurance.com\/services\/commercial-insurance\/"]}]},{"@type":"BreadcrumbList","@id":"https:\/\/protectioninsurance.com\/services\/commercial-insurance\/#breadcrumb","itemListElement":[{"@type":"ListItem","position":1,"name":"Home","item":"https:\/\/protectioninsurance.com\/es\/"},{"@type":"ListItem","position":2,"name":"Servicios","item":"https:\/\/protectioninsurance.com\/es\/servicios\/"},{"@type":"ListItem","position":3,"name":"Seguros Comerciales"}]},{"@type":"WebSite","@id":"https:\/\/protectioninsurance.com\/#website","url":"https:\/\/protectioninsurance.com\/","name":"Protection Insurance","description":"","potentialAction":[{"@type":"SearchAction","target":{"@type":"EntryPoint","urlTemplate":"https:\/\/protectioninsurance.com\/?s={search_term_string}"},"query-input":{"@type":"PropertyValueSpecification","valueRequired":true,"valueName":"search_term_string"}}],"inLanguage":"es"}]}},"_links":{"self":[{"href":"https:\/\/protectioninsurance.com\/es\/wp-json\/wp\/v2\/pages\/1212","targetHints":{"allow":["GET"]}}],"collection":[{"href":"https:\/\/protectioninsurance.com\/es\/wp-json\/wp\/v2\/pages"}],"about":[{"href":"https:\/\/protectioninsurance.com\/es\/wp-json\/wp\/v2\/types\/page"}],"author":[{"embeddable":true,"href":"https:\/\/protectioninsurance.com\/es\/wp-json\/wp\/v2\/users\/541"}],"replies":[{"embeddable":true,"href":"https:\/\/protectioninsurance.com\/es\/wp-json\/wp\/v2\/comments?post=1212"}],"version-history":[{"count":5,"href":"https:\/\/protectioninsurance.com\/es\/wp-json\/wp\/v2\/pages\/1212\/revisions"}],"predecessor-version":[{"id":3040,"href":"https:\/\/protectioninsurance.com\/es\/wp-json\/wp\/v2\/pages\/1212\/revisions\/3040"}],"up":[{"embeddable":true,"href":"https:\/\/protectioninsurance.com\/es\/wp-json\/wp\/v2\/pages\/783"}],"wp:attachment":[{"href":"https:\/\/protectioninsurance.com\/es\/wp-json\/wp\/v2\/media?parent=1212"}],"curies":[{"name":"wp","href":"https:\/\/api.w.org\/{rel}","templated":true}]}}