{"id":1218,"date":"2024-06-28T17:13:27","date_gmt":"2024-06-28T17:13:27","guid":{"rendered":"https:\/\/protectioninsurance.com\/servicios\/dental-insurance\/"},"modified":"2024-09-18T13:51:21","modified_gmt":"2024-09-18T13:51:21","slug":"seguro-de-propietarios","status":"publish","type":"page","link":"https:\/\/protectioninsurance.com\/es\/servicios\/seguro-de-propietarios\/","title":{"rendered":"Seguro de Propietarios"},"content":{"rendered":"<div class=\"m-banner m-banner--full \" >\n\n\t\n\t\n\t<div class=\"m-banner__container container-fluid\" style='--columns-ratio: 47%;background-color: #1e2d5e;--module-bg-color: #1e2d5e'>\n\n\t\t<div class=\"m-banner__inner container style-dark\">\n\n\t\t\t<div class=\"l-banner  l-gt-d l-gb-d\" style=\"\">\n\n\t\t\t\t\n<div class=\"l-banner__text\">\n        <div class=\"l-banner__inner\">\n\n        <div class=\"c-heading -h1\">\n\t\t\t\n\t\t\t\t\t\t\t<h1  class=\"c-heading__title\">Seguro de Propietarios en el Estado de <u>Florida<\/u><\/h1>\t\t\t\n\t\t\t        <\/div>\n    <\/div>\n\n    <div class=\"l-banner__text-bottom\">\n                    <div class=\"c-heading__description is-wysiwyg\">\n                <p>Protege tu propiedad contra riesgos inesperados.<\/p>\n            <\/div>\n                \t    <div class=\"c-block__btn\">\n\t\t\n\t\t\t<a href=\"\/es\/contacto\/\"  class=\"c-btn -normal -inverted \"><span class=\"c-btn__inner\"><span class=\"c-btn__txt\">Habla Con Un Experto<\/span><\/span><\/a>\n\t\t    <\/div>\n\t    <\/div>\n<\/div>\n\n    <div class=\"l-banner__media\">\n        <div class=\"l-banner__media-decor\"><\/div>\n\n\t\t\t\t\t\n\t\t\t\t            <div class=\"c-image\">\n            <figure class=\"c-image__media c-image__primary\">\n                <img decoding=\"async\" class=\"c-image__src lazy\" loading=\"lazy\" src=\"https:\/\/protectioninsurance.com\/wp-content\/uploads\/2024\/08\/iStock-1062476440-1300x888.jpg\"  alt=\"iStock-1062476440\" width=\"1300\" height=\"888\"\/>            <\/figure>\n        <\/div>\n    \n\t\t\t\n\t\t\n            <\/div>\n\n\t\t\t<\/div>\n\n\t\t\t\n    <div class=\"scroll-down sd-right\">\n        <span class=\"scroll-down__line\"><\/span>\n                    <img loading=\"lazy\" decoding=\"async\" src=\"https:\/\/protectioninsurance.com\/wp-content\/uploads\/2024\/07\/scroll-down.svg\" width=\"100\" height=\"100\" class=\"scroll-down__ico\" alt=\"Despl\u00e1cese hacia abajo\">\n            <\/div>\n\n\t\t<\/div>\n\t<\/div>\n\n<\/div>\n\n\n<div class=\"m-accordion  gt-l gb-l -colors-inverted\"  style='background-color: #1e2d5e;--module-bg-color: #1e2d5e'>\n\n\t\n\t\n\t<div class=\"m-accordion__container container\" style=\"\">\n\t\t<div class=\"l-accordion l-accordion-v2 order-default js-acc-wrapper icons-arrows has-counters has-underline\" style=\"--columns-ratio: 50%;\"  data-animation=\"js\">\n\n            <div class=\"l-accordion__col l-accordion__heading\">\n\n                    <div class=\"c-heading -h2 \">\n\t\t\n\t\t\n\t\t\t\t\t<h2  class=\"c-heading__title\">Cobertura que Mantiene tu Hogar <em>Seguro<\/em> y <em>Protegido<\/em><\/h2>\t\t\n\t\t    <\/div>\n    <div class=\"c-heading__description is-wysiwyg\">\n        <p>El seguro de propietarios es esencial, especialmente considerando el riesgo de huracanes y otros desastres naturales. Aunque el estado de Florida no exige legalmente el seguro de propietarios, las compa\u00f1\u00edas hipotecarias generalmente lo requieren para proteger la propiedad de da\u00f1os. Las coberturas m\u00e1s comunes en una p\u00f3liza b\u00e1sica de seguro de propietarios incluyen:<\/p>\n    <\/div>\n                \t    <div class=\"c-block__btn\">\n\t\t\n\t\t\t<a href=\"\/es\/contacto\/\"  class=\"c-btn -normal -inverted \"><span class=\"c-btn__inner\"><span class=\"c-btn__txt\">Obtenga Una Cotizaci\u00f3n<\/span><\/span><\/a>\n\t\t    <\/div>\n\t\n            <\/div>\n\n\t\t\t\n\t\t\t\t<div class=\"l-accordion__col l-accordion__content\">\n\n\t\t\t\t\t<div class=\"c-accordion\">\n\t\t\t\t\t\t\n\t\t\t\t\t\t\t\n<div class=\"c-accordion__item js-acc-item is-active\">\n\t\t\t\n\t\t<h3  class=\"c-accordion__title-wrap -h3\">        <button class=\"js-acc-button c-accordion__title\">\n\t\t\t<span class=\"acc-title\">Cobertura de Vivienda<\/span>\n\t\t\t<span class=\"acc-icon\"><\/span>\n        <\/button>\n\t\t<\/h3>\t\n    <div class=\"js-acc-content\">\n\t\t            <div class=\"c-accordion__content\">\n                <div class=\"is-wysiwyg\">\n\t\t\t\t\t<ul>\n<li><strong>Cobertura:<\/strong> Protege la estructura f\u00edsica del hogar, incluyendo techos, paredes, suelos y cualquier estructura adjunta como garajes o porches.<\/li>\n<li><strong>Monto:<\/strong> Debe ser suficiente para cubrir el costo de reconstruir el hogar en caso de da\u00f1o total.<\/li>\n<li><strong>Qu\u00e9 Cubre:<\/strong> Da\u00f1os por incendios, tormentas, rayos, huracanes y otros desastres especificados en la p\u00f3liza. No cubre da\u00f1os por inundaciones o terremotos, que requieren p\u00f3lizas separadas.<\/li>\n<\/ul>\n                <\/div>\n\t\t\t\t\t\t\t\t\t\t    <div class=\"c-block__btn\">\n\t\t\n\t\t\t\n\t\t    <\/div>\n\t\t\t\t\t            <\/div>\n\t\t\n        <div class=\"c-accordion__media\">\n                    <\/div>\n    <\/div>\n\n<\/div>\n\n\t\t\t\t\t\t\t\n\t\t\t\t\t\t\t\n<div class=\"c-accordion__item js-acc-item\">\n\t\t\t\n\t\t<h3  class=\"c-accordion__title-wrap -h3\">        <button class=\"js-acc-button c-accordion__title\">\n\t\t\t<span class=\"acc-title\">Cobertura para Otras Estructuras<\/span>\n\t\t\t<span class=\"acc-icon\"><\/span>\n        <\/button>\n\t\t<\/h3>\t\n    <div class=\"js-acc-content\">\n\t\t            <div class=\"c-accordion__content\">\n                <div class=\"is-wysiwyg\">\n\t\t\t\t\t<ul>\n<li><strong>Cobertura:<\/strong> Cubre estructuras no adjuntas a la casa principal, como cobertizos, cercas y garajes separados.<\/li>\n<li><strong>Monto:<\/strong> Generalmente un porcentaje de la cobertura de vivienda, por ejemplo, el 10% del valor de la casa.<\/li>\n<li><strong>Qu\u00e9 Cubre:<\/strong> Da\u00f1os causados por los mismos eventos cubiertos bajo la cobertura de vivienda.<\/li>\n<\/ul>\n                <\/div>\n\t\t\t\t            <\/div>\n\t\t\n        <div class=\"c-accordion__media\">\n                    <\/div>\n    <\/div>\n\n<\/div>\n\n\t\t\t\t\t\t\t\n\t\t\t\t\t\t\t\n<div class=\"c-accordion__item js-acc-item\">\n\t\t\t\n\t\t<h3  class=\"c-accordion__title-wrap -h3\">        <button class=\"js-acc-button c-accordion__title\">\n\t\t\t<span class=\"acc-title\">Cobertura de Bienes Personales<\/span>\n\t\t\t<span class=\"acc-icon\"><\/span>\n        <\/button>\n\t\t<\/h3>\t\n    <div class=\"js-acc-content\">\n\t\t            <div class=\"c-accordion__content\">\n                <div class=\"is-wysiwyg\">\n\t\t\t\t\t<ul>\n<li><strong>Cobertura:<\/strong> Protege pertenencias personales como muebles, ropa, electrodom\u00e9sticos y electr\u00f3nicos.<\/li>\n<li><strong>Monto:<\/strong> Generalmente un porcentaje del valor de la vivienda, usualmente entre el 50% y el 70%.<\/li>\n<li><strong>Qu\u00e9 Cubre:<\/strong> Da\u00f1os o p\u00e9rdidas debido a eventos cubiertos como robo, incendio y tormentas. Algunos art\u00edculos de alto valor, como joyas, pueden tener l\u00edmites espec\u00edficos y pueden requerir un seguro adicional.<\/li>\n<\/ul>\n                <\/div>\n\t\t\t\t            <\/div>\n\t\t\n        <div class=\"c-accordion__media\">\n                    <\/div>\n    <\/div>\n\n<\/div>\n\n\t\t\t\t\t\t\t\n\t\t\t\t\t\t\t\n<div class=\"c-accordion__item js-acc-item\">\n\t\t\t\n\t\t<h3  class=\"c-accordion__title-wrap -h3\">        <button class=\"js-acc-button c-accordion__title\">\n\t\t\t<span class=\"acc-title\">Cobertura por P\u00e9rdida de Uso<\/span>\n\t\t\t<span class=\"acc-icon\"><\/span>\n        <\/button>\n\t\t<\/h3>\t\n    <div class=\"js-acc-content\">\n\t\t            <div class=\"c-accordion__content\">\n                <div class=\"is-wysiwyg\">\n\t\t\t\t\t<ul>\n<li><strong>Cobertura:<\/strong> Cubre los gastos adicionales incurridos si tu hogar se vuelve inhabitable debido a un evento cubierto y necesitas vivir temporalmente en otro lugar.<\/li>\n<li><strong>Monto:<\/strong> Un porcentaje de la cobertura de vivienda, generalmente entre el 20% y el 30%.<\/li>\n<li><strong>Qu\u00e9 Cubre:<\/strong> Costos como alquiler temporal, alimentos y otros gastos relacionados con la reubicaci\u00f3n.<\/li>\n<\/ul>\n                <\/div>\n\t\t\t\t            <\/div>\n\t\t\n        <div class=\"c-accordion__media\">\n                    <\/div>\n    <\/div>\n\n<\/div>\n\n\t\t\t\t\t\t\t\n\t\t\t\t\t\t\t\n<div class=\"c-accordion__item js-acc-item\">\n\t\t\t\n\t\t<h3  class=\"c-accordion__title-wrap -h3\">        <button class=\"js-acc-button c-accordion__title\">\n\t\t\t<span class=\"acc-title\">Cobertura de Responsabilidad Civil<\/span>\n\t\t\t<span class=\"acc-icon\"><\/span>\n        <\/button>\n\t\t<\/h3>\t\n    <div class=\"js-acc-content\">\n\t\t            <div class=\"c-accordion__content\">\n                <div class=\"is-wysiwyg\">\n\t\t\t\t\t<ul>\n<li><strong>Cobertura:<\/strong> Protege contra demandas por lesiones o da\u00f1os causados por ti o tu familia a terceros en tu propiedad.<\/li>\n<li><strong>Monto M\u00ednimo Sugerido:<\/strong> $100,000.<\/li>\n<li><strong>Qu\u00e9 Cubre:<\/strong> Gastos m\u00e9dicos, costos legales y da\u00f1os. Tambi\u00e9n puede cubrir incidentes fuera de tu propiedad, como si tu perro muerde a alguien en el parque.<\/li>\n<\/ul>\n                <\/div>\n\t\t\t\t            <\/div>\n\t\t\n        <div class=\"c-accordion__media\">\n                    <\/div>\n    <\/div>\n\n<\/div>\n\n\t\t\t\t\t\t\t\n\t\t\t\t\t\t\t\n<div class=\"c-accordion__item js-acc-item\">\n\t\t\t\n\t\t<h3  class=\"c-accordion__title-wrap -h3\">        <button class=\"js-acc-button c-accordion__title\">\n\t\t\t<span class=\"acc-title\">Cobertura de Pagos M\u00e9dicos<\/span>\n\t\t\t<span class=\"acc-icon\"><\/span>\n        <\/button>\n\t\t<\/h3>\t\n    <div class=\"js-acc-content\">\n\t\t            <div class=\"c-accordion__content\">\n                <div class=\"is-wysiwyg\">\n\t\t\t\t\t<ul>\n<li><strong>Cobertura:<\/strong> Cubre los gastos m\u00e9dicos para personas heridas en tu propiedad, independientemente de la culpa.<\/li>\n<li><strong>Monto:<\/strong> Generalmente entre $1,000 y $5,000.<\/li>\n<li><strong>Qu\u00e9 Cubre:<\/strong> Gastos m\u00e9dicos inmediatos como visitas al hospital, radiograf\u00edas y otros tratamientos menores.<\/li>\n<\/ul>\n                <\/div>\n\t\t\t\t            <\/div>\n\t\t\n        <div class=\"c-accordion__media\">\n                    <\/div>\n    <\/div>\n\n<\/div>\n\n\t\t\t\t\t\t\t\t\t\t\t\t<\/div>\n\n\t\t\t\t<\/div>\n\n\t\t\t\n\t\t<\/div>\n\t<\/div>\n<\/div>\n\n\n\n<div class=\"section-divider container \" style=\"--line-color:#4db7ef\">\n\n\t\n\t        <div class=\"section-divider-icon\">\n            <img loading=\"lazy\" decoding=\"async\" width=\"131\" height=\"131\" src=\"https:\/\/protectioninsurance.com\/wp-content\/uploads\/2024\/07\/section-divider-logo.png\" class=\"section-divider-icon__src\" alt=\"section-divider-logo-2\" \/>        <\/div>\n\t\n<\/div>\n\n\n<div class=\"m-accordion  gt-l gb-l\"  style='background-color: #edfbff;--module-bg-color: #edfbff'>\n\n\t\n\t\n\t<div class=\"m-accordion__container container\" style=\"\">\n\t\t<div class=\"l-accordion l-accordion-v2 order-default js-acc-wrapper icons-arrows has-counters has-underline\" style=\"--columns-ratio: 50%;\"  data-animation=\"js\">\n\n            <div class=\"l-accordion__col l-accordion__heading\">\n\n                    <div class=\"c-heading -h2 \">\n\t\t\n\t\t\n\t\t\t\t\t<h2  class=\"c-heading__title\">Cobertura<em> <br>Adicional<\/em> <\/h2>\t\t\n\t\t    <\/div>\n    <div class=\"c-heading__description is-wysiwyg\">\n        <p>Adem\u00e1s de las coberturas b\u00e1sicas, los propietarios de viviendas en Florida pueden considerar coberturas adicionales, especialmente debido al alto riesgo de ciertos desastres naturales en el estado:<\/p>\n    <\/div>\n                \t    <div class=\"c-block__btn\">\n\t\t\n\t\t\t<a href=\"\/es\/contacto\/\"  class=\"c-btn -normal -primary \"><span class=\"c-btn__inner\"><span class=\"c-btn__txt\">Obtenga Una Cotizaci\u00f3n<\/span><\/span><\/a>\n\t\t    <\/div>\n\t\n            <\/div>\n\n\t\t\t\n\t\t\t\t<div class=\"l-accordion__col l-accordion__content\">\n\n\t\t\t\t\t<div class=\"c-accordion\">\n\t\t\t\t\t\t\n\t\t\t\t\t\t\t\n<div class=\"c-accordion__item js-acc-item is-active\">\n\t\t\t\n\t\t<h3  class=\"c-accordion__title-wrap -h3\">        <button class=\"js-acc-button c-accordion__title\">\n\t\t\t<span class=\"acc-title\">Seguro Contra Inundaciones<\/span>\n\t\t\t<span class=\"acc-icon\"><\/span>\n        <\/button>\n\t\t<\/h3>\t\n    <div class=\"js-acc-content\">\n\t\t            <div class=\"c-accordion__content\">\n                <div class=\"is-wysiwyg\">\n\t\t\t\t\t<ul>\n<li><strong>Cobertura:<\/strong> Protege contra los da\u00f1os causados por inundaciones, que no est\u00e1n cubiertos por las p\u00f3lizas est\u00e1ndar de seguro de vivienda.<\/li>\n<li><strong>Monto:<\/strong> Determinado por la ubicaci\u00f3n y el valor de la propiedad.<\/li>\n<li><strong>Qu\u00e9 Cubre:<\/strong> Da\u00f1os a la estructura de la vivienda y a las pertenencias personales debido a inundaciones.<\/li>\n<\/ul>\n                <\/div>\n\t\t\t\t\t\t\t\t\t\t    <div class=\"c-block__btn\">\n\t\t\n\t\t\t\n\t\t    <\/div>\n\t\t\t\t\t            <\/div>\n\t\t\n        <div class=\"c-accordion__media\">\n                    <\/div>\n    <\/div>\n\n<\/div>\n\n\t\t\t\t\t\t\t\n\t\t\t\t\t\t\t\n<div class=\"c-accordion__item js-acc-item\">\n\t\t\t\n\t\t<h3  class=\"c-accordion__title-wrap -h3\">        <button class=\"js-acc-button c-accordion__title\">\n\t\t\t<span class=\"acc-title\">Seguro Contra Terremotos<\/span>\n\t\t\t<span class=\"acc-icon\"><\/span>\n        <\/button>\n\t\t<\/h3>\t\n    <div class=\"js-acc-content\">\n\t\t            <div class=\"c-accordion__content\">\n                <div class=\"is-wysiwyg\">\n\t\t\t\t\t<ul>\n<li><strong>Cobertura:<\/strong> Protege contra los da\u00f1os causados por terremotos, que tambi\u00e9n est\u00e1n excluidos de la cobertura est\u00e1ndar.<\/li>\n<li><strong>Monto:<\/strong> Var\u00eda seg\u00fan la ubicaci\u00f3n y el riesgo s\u00edsmico.<\/li>\n<li><strong>Qu\u00e9 Cubre:<\/strong> Da\u00f1os estructurales y, en algunos casos, da\u00f1os a las pertenencias personales.<\/li>\n<\/ul>\n                <\/div>\n\t\t\t\t            <\/div>\n\t\t\n        <div class=\"c-accordion__media\">\n                    <\/div>\n    <\/div>\n\n<\/div>\n\n\t\t\t\t\t\t\t\n\t\t\t\t\t\t\t\n<div class=\"c-accordion__item js-acc-item\">\n\t\t\t\n\t\t<h3  class=\"c-accordion__title-wrap -h3\">        <button class=\"js-acc-button c-accordion__title\">\n\t\t\t<span class=\"acc-title\">Cobertura Contra Hundimientos<\/span>\n\t\t\t<span class=\"acc-icon\"><\/span>\n        <\/button>\n\t\t<\/h3>\t\n    <div class=\"js-acc-content\">\n\t\t            <div class=\"c-accordion__content\">\n                <div class=\"is-wysiwyg\">\n\t\t\t\t\t<ul>\n<li><strong>Cobertura:<\/strong> Florida es conocida por su susceptibilidad a los hundimientos, y esta cobertura protege contra da\u00f1os causados por estos eventos.<\/li>\n<li><strong>Monto:<\/strong> Depende del valor de la propiedad y del riesgo de hundimiento.<\/li>\n<li><strong>Qu\u00e9 Cubre:<\/strong> Da\u00f1os a la vivienda y otras estructuras causados por hundimientos.<\/li>\n<\/ul>\n                <\/div>\n\t\t\t\t            <\/div>\n\t\t\n        <div class=\"c-accordion__media\">\n                    <\/div>\n    <\/div>\n\n<\/div>\n\n\t\t\t\t\t\t\t\n\t\t\t\t\t\t\t\n<div class=\"c-accordion__item js-acc-item\">\n\t\t\t\n\t\t<h3  class=\"c-accordion__title-wrap -h3\">        <button class=\"js-acc-button c-accordion__title\">\n\t\t\t<span class=\"acc-title\">Cobertura por Valor de Reemplazo<\/span>\n\t\t\t<span class=\"acc-icon\"><\/span>\n        <\/button>\n\t\t<\/h3>\t\n    <div class=\"js-acc-content\">\n\t\t            <div class=\"c-accordion__content\">\n                <div class=\"is-wysiwyg\">\n\t\t\t\t\t<ul>\n<li><strong>Cobertura:<\/strong> Asegura que las pertenencias personales sean reemplazadas a su valor total, sin considerar la depreciaci\u00f3n.<\/li>\n<li><strong>Monto:<\/strong> Depende del valor de los bienes asegurados.<\/li>\n<li><strong>Qu\u00e9 Cubre:<\/strong> Reemplazo total de la propiedad personal a su valor de mercado actual, en lugar de su valor depreciado.<\/li>\n<\/ul>\n                <\/div>\n\t\t\t\t            <\/div>\n\t\t\n        <div class=\"c-accordion__media\">\n                    <\/div>\n    <\/div>\n\n<\/div>\n\n\t\t\t\t\t\t\t\t\t\t\t\t<\/div>\n\n\t\t\t\t<\/div>\n\n\t\t\t\n\t\t<\/div>\n\t<\/div>\n<\/div>\n","protected":false},"excerpt":{"rendered":"","protected":false},"author":541,"featured_media":0,"parent":783,"menu_order":0,"comment_status":"closed","ping_status":"closed","template":"","meta":{"_acf_changed":false,"inline_featured_image":false,"footnotes":""},"class_list":["post-1218","page","type-page","status-publish","hentry"],"acf":[],"yoast_head":"<!-- This site is optimized with the Yoast SEO plugin v27.4 - https:\/\/yoast.com\/product\/yoast-seo-wordpress\/ -->\n<title>Seguro de Propietarios - Protection Insurance<\/title>\n<meta name=\"description\" content=\"Descubre nuestros servicios integrales de seguros de propietarios, dise\u00f1ados para adaptarse a tus necesidades. \u00a1Obt\u00e9n una cotizaci\u00f3n personalizada hoy!\" \/>\n<meta name=\"robots\" content=\"index, follow, max-snippet:-1, max-image-preview:large, max-video-preview:-1\" \/>\n<link rel=\"canonical\" href=\"https:\/\/protectioninsurance.com\/services\/homeowners-insurance\/\" \/>\n<meta property=\"og:locale\" content=\"es_ES\" \/>\n<meta property=\"og:type\" content=\"article\" \/>\n<meta property=\"og:title\" content=\"Seguros de propietarios | Protection Insurance\u200b\" \/>\n<meta property=\"og:description\" content=\"Descubre nuestros servicios integrales de seguros de propietarios, dise\u00f1ados para adaptarse a tus necesidades. \u00a1Obt\u00e9n una cotizaci\u00f3n personalizada hoy!\" \/>\n<meta property=\"og:url\" content=\"https:\/\/protectioninsurance.com\/services\/homeowners-insurance\/\" \/>\n<meta property=\"og:site_name\" content=\"Protection Insurance\" \/>\n<meta property=\"article:modified_time\" content=\"2024-09-18T13:51:21+00:00\" \/>\n<meta property=\"og:image\" content=\"https:\/\/protectioninsurance.com\/wp-content\/uploads\/2024\/08\/New-Project-11.jpg\" \/>\n\t<meta property=\"og:image:width\" content=\"619\" \/>\n\t<meta property=\"og:image:height\" content=\"244\" \/>\n\t<meta property=\"og:image:type\" content=\"image\/jpeg\" \/>\n<meta name=\"twitter:card\" content=\"summary_large_image\" \/>\n<meta name=\"twitter:label1\" content=\"Tiempo de lectura\" \/>\n\t<meta name=\"twitter:data1\" content=\"4 minutos\" \/>\n<script type=\"application\/ld+json\" class=\"yoast-schema-graph\">{\"@context\":\"https:\\\/\\\/schema.org\",\"@graph\":[{\"@type\":\"WebPage\",\"@id\":\"https:\\\/\\\/protectioninsurance.com\\\/services\\\/homeowners-insurance\\\/\",\"url\":\"https:\\\/\\\/protectioninsurance.com\\\/services\\\/homeowners-insurance\\\/\",\"name\":\"Seguro de Propietarios - Protection Insurance\",\"isPartOf\":{\"@id\":\"https:\\\/\\\/protectioninsurance.com\\\/#website\"},\"datePublished\":\"2024-06-28T17:13:27+00:00\",\"dateModified\":\"2024-09-18T13:51:21+00:00\",\"description\":\"Descubre nuestros servicios integrales de seguros de propietarios, dise\u00f1ados para adaptarse a tus necesidades. \u00a1Obt\u00e9n una cotizaci\u00f3n personalizada hoy!\",\"breadcrumb\":{\"@id\":\"https:\\\/\\\/protectioninsurance.com\\\/services\\\/homeowners-insurance\\\/#breadcrumb\"},\"inLanguage\":\"es\",\"potentialAction\":[{\"@type\":\"ReadAction\",\"target\":[\"https:\\\/\\\/protectioninsurance.com\\\/services\\\/homeowners-insurance\\\/\"]}]},{\"@type\":\"BreadcrumbList\",\"@id\":\"https:\\\/\\\/protectioninsurance.com\\\/services\\\/homeowners-insurance\\\/#breadcrumb\",\"itemListElement\":[{\"@type\":\"ListItem\",\"position\":1,\"name\":\"Home\",\"item\":\"https:\\\/\\\/protectioninsurance.com\\\/es\\\/\"},{\"@type\":\"ListItem\",\"position\":2,\"name\":\"Servicios\",\"item\":\"https:\\\/\\\/protectioninsurance.com\\\/es\\\/servicios\\\/\"},{\"@type\":\"ListItem\",\"position\":3,\"name\":\"Seguro de Propietarios\"}]},{\"@type\":\"WebSite\",\"@id\":\"https:\\\/\\\/protectioninsurance.com\\\/#website\",\"url\":\"https:\\\/\\\/protectioninsurance.com\\\/\",\"name\":\"Protection Insurance\",\"description\":\"\",\"potentialAction\":[{\"@type\":\"SearchAction\",\"target\":{\"@type\":\"EntryPoint\",\"urlTemplate\":\"https:\\\/\\\/protectioninsurance.com\\\/?s={search_term_string}\"},\"query-input\":{\"@type\":\"PropertyValueSpecification\",\"valueRequired\":true,\"valueName\":\"search_term_string\"}}],\"inLanguage\":\"es\"}]}<\/script>\n<!-- \/ Yoast SEO plugin. -->","yoast_head_json":{"title":"Seguro de Propietarios - Protection Insurance","description":"Descubre nuestros servicios integrales de seguros de propietarios, dise\u00f1ados para adaptarse a tus necesidades. \u00a1Obt\u00e9n una cotizaci\u00f3n personalizada hoy!","robots":{"index":"index","follow":"follow","max-snippet":"max-snippet:-1","max-image-preview":"max-image-preview:large","max-video-preview":"max-video-preview:-1"},"canonical":"https:\/\/protectioninsurance.com\/services\/homeowners-insurance\/","og_locale":"es_ES","og_type":"article","og_title":"Seguros de propietarios | Protection Insurance\u200b","og_description":"Descubre nuestros servicios integrales de seguros de propietarios, dise\u00f1ados para adaptarse a tus necesidades. \u00a1Obt\u00e9n una cotizaci\u00f3n personalizada hoy!","og_url":"https:\/\/protectioninsurance.com\/services\/homeowners-insurance\/","og_site_name":"Protection Insurance","article_modified_time":"2024-09-18T13:51:21+00:00","og_image":[{"width":619,"height":244,"url":"https:\/\/protectioninsurance.com\/wp-content\/uploads\/2024\/08\/New-Project-11.jpg","type":"image\/jpeg"}],"twitter_card":"summary_large_image","twitter_misc":{"Tiempo de lectura":"4 minutos"},"schema":{"@context":"https:\/\/schema.org","@graph":[{"@type":"WebPage","@id":"https:\/\/protectioninsurance.com\/services\/homeowners-insurance\/","url":"https:\/\/protectioninsurance.com\/services\/homeowners-insurance\/","name":"Seguro de Propietarios - Protection Insurance","isPartOf":{"@id":"https:\/\/protectioninsurance.com\/#website"},"datePublished":"2024-06-28T17:13:27+00:00","dateModified":"2024-09-18T13:51:21+00:00","description":"Descubre nuestros servicios integrales de seguros de propietarios, dise\u00f1ados para adaptarse a tus necesidades. \u00a1Obt\u00e9n una cotizaci\u00f3n personalizada hoy!","breadcrumb":{"@id":"https:\/\/protectioninsurance.com\/services\/homeowners-insurance\/#breadcrumb"},"inLanguage":"es","potentialAction":[{"@type":"ReadAction","target":["https:\/\/protectioninsurance.com\/services\/homeowners-insurance\/"]}]},{"@type":"BreadcrumbList","@id":"https:\/\/protectioninsurance.com\/services\/homeowners-insurance\/#breadcrumb","itemListElement":[{"@type":"ListItem","position":1,"name":"Home","item":"https:\/\/protectioninsurance.com\/es\/"},{"@type":"ListItem","position":2,"name":"Servicios","item":"https:\/\/protectioninsurance.com\/es\/servicios\/"},{"@type":"ListItem","position":3,"name":"Seguro de Propietarios"}]},{"@type":"WebSite","@id":"https:\/\/protectioninsurance.com\/#website","url":"https:\/\/protectioninsurance.com\/","name":"Protection Insurance","description":"","potentialAction":[{"@type":"SearchAction","target":{"@type":"EntryPoint","urlTemplate":"https:\/\/protectioninsurance.com\/?s={search_term_string}"},"query-input":{"@type":"PropertyValueSpecification","valueRequired":true,"valueName":"search_term_string"}}],"inLanguage":"es"}]}},"_links":{"self":[{"href":"https:\/\/protectioninsurance.com\/es\/wp-json\/wp\/v2\/pages\/1218","targetHints":{"allow":["GET"]}}],"collection":[{"href":"https:\/\/protectioninsurance.com\/es\/wp-json\/wp\/v2\/pages"}],"about":[{"href":"https:\/\/protectioninsurance.com\/es\/wp-json\/wp\/v2\/types\/page"}],"author":[{"embeddable":true,"href":"https:\/\/protectioninsurance.com\/es\/wp-json\/wp\/v2\/users\/541"}],"replies":[{"embeddable":true,"href":"https:\/\/protectioninsurance.com\/es\/wp-json\/wp\/v2\/comments?post=1218"}],"version-history":[{"count":5,"href":"https:\/\/protectioninsurance.com\/es\/wp-json\/wp\/v2\/pages\/1218\/revisions"}],"predecessor-version":[{"id":3039,"href":"https:\/\/protectioninsurance.com\/es\/wp-json\/wp\/v2\/pages\/1218\/revisions\/3039"}],"up":[{"embeddable":true,"href":"https:\/\/protectioninsurance.com\/es\/wp-json\/wp\/v2\/pages\/783"}],"wp:attachment":[{"href":"https:\/\/protectioninsurance.com\/es\/wp-json\/wp\/v2\/media?parent=1218"}],"curies":[{"name":"wp","href":"https:\/\/api.w.org\/{rel}","templated":true}]}}