{"id":1223,"date":"2024-06-28T17:13:50","date_gmt":"2024-06-28T17:13:50","guid":{"rendered":"https:\/\/protectioninsurance.com\/servicios\/medicare\/"},"modified":"2024-09-13T22:48:16","modified_gmt":"2024-09-13T22:48:16","slug":"medicare","status":"publish","type":"page","link":"https:\/\/protectioninsurance.com\/es\/servicios\/medicare\/","title":{"rendered":"Medicare Advantage"},"content":{"rendered":"<div class=\"m-banner m-banner--full \" >\n\n\t\n\t\n\t<div class=\"m-banner__container container-fluid\" style='--columns-ratio: 47%;background-color: #1e2d5e;--module-bg-color: #1e2d5e'>\n\n\t\t<div class=\"m-banner__inner container style-dark\">\n\n\t\t\t<div class=\"l-banner  l-gt-d l-gb-d\" style=\"\">\n\n\t\t\t\t\n<div class=\"l-banner__text\">\n        <div class=\"l-banner__inner\">\n\n        <div class=\"c-heading -h1\">\n\t\t\t\n\t\t\t\t\t\t\t<h1  class=\"c-heading__title\">Medicare <u>Advantage<\/u><\/h1>\t\t\t\n\t\t\t        <\/div>\n    <\/div>\n\n    <div class=\"l-banner__text-bottom\">\n                    <div class=\"c-heading__description is-wysiwyg\">\n                <p><strong>Medicare Advantage<\/strong>, tambi\u00e9n conocido como <strong>Medicare Parte C<\/strong>, ofrece beneficios adicionales a los beneficiarios de Medicare, como cobertura dental, de visi\u00f3n y auditiva.<\/p>\n            <\/div>\n                \t    <div class=\"c-block__btn\">\n\t\t\n\t\t\t<a href=\"\/es\/contacto\/\"  class=\"c-btn -normal -inverted \"><span class=\"c-btn__inner\"><span class=\"c-btn__txt\">Habla Con Un Experto<\/span><\/span><\/a>\n\t\t    <\/div>\n\t    <\/div>\n<\/div>\n\n    <div class=\"l-banner__media\">\n        <div class=\"l-banner__media-decor\"><\/div>\n\n\t\t\t\t\t\n\t\t\t\t            <div class=\"c-image\">\n            <figure class=\"c-image__media c-image__primary\">\n                <img decoding=\"async\" class=\"c-image__src lazy\" loading=\"lazy\" src=\"https:\/\/protectioninsurance.com\/wp-content\/uploads\/2024\/08\/iStock-1062476440-1300x888.jpg\"  alt=\"iStock-1062476440\" width=\"1300\" height=\"888\"\/>            <\/figure>\n        <\/div>\n    \n\t\t\t\n\t\t\n            <\/div>\n\n\t\t\t<\/div>\n\n\t\t\t\n    <div class=\"scroll-down sd-right\">\n        <span class=\"scroll-down__line\"><\/span>\n                    <img loading=\"lazy\" decoding=\"async\" src=\"https:\/\/protectioninsurance.com\/wp-content\/uploads\/2024\/07\/scroll-down.svg\" width=\"100\" height=\"100\" class=\"scroll-down__ico\" alt=\"Despl\u00e1cese hacia abajo\">\n            <\/div>\n\n\t\t<\/div>\n\t<\/div>\n\n<\/div>\n\n\n<div class=\"m-block  gt-l gb-l -colors-inverted m-content-image\"  style='background-color: #1e2d5e;--module-bg-color: #1e2d5e'>\n\n\t\n\t\n\t<div class=\"m-block__container container\" style=\"\">\n\n\t\t<div class=\"l-content-image order-reverse\" style=\"--columns-ratio: 50%;\">\n\n\t\t\t<div class=\"c-block\">\n    <div class=\"c-block__col c-block__text\">\n        <div class=\"c-block__inner\">\n\n\t\t\t    <div class=\"c-heading -h2 \">\n\t\t\n\t\t\n\t\t\t\t\t<h2  class=\"c-heading__title\">Cobertura de <em><u>Medicare<\/u><\/em><\/h2>\t\t\n\t\t            <div class=\"c-heading__sub\" >\n\t\t\t\tConoce las diferentes partes de Medicare            <\/div>\n\t\t    <\/div>\n    <div class=\"c-heading__description is-wysiwyg\">\n        <p>Medicare se divide en varias partes, cada una enfocada en una cobertura espec\u00edfica para servicios m\u00e9dicos:<\/p>\n    <\/div>\n\t\t\t<ul class=\"c-block__list\">\n                    <li class=\"c-block__list-item has-icon\">\n\n                            <img loading=\"lazy\" decoding=\"async\" width=\"41\" height=\"41\" src=\"https:\/\/protectioninsurance.com\/wp-content\/uploads\/2024\/07\/icon-advanced-technology.svg\" class=\"c-block__list-icon\" alt=\"icon-advanced-technology-2\" \/>            \n                            <div class=\"c-block__list-title -h4\">Medicare<br>Parte A<\/div>\n            \n                            <div class=\"c-block__list-desc\">Ofrece cobertura para los costos de hospitalizaci\u00f3n.<\/div>\n            \n        <\/li>\n                    <li class=\"c-block__list-item has-icon\">\n\n                            <img loading=\"lazy\" decoding=\"async\" width=\"1\" height=\"1\" src=\"https:\/\/protectioninsurance.com\/wp-content\/uploads\/2024\/07\/icon-expert-advice.svg\" class=\"c-block__list-icon\" alt=\"icon-expert-advice-2\" \/>            \n                            <div class=\"c-block__list-title -h4\">Medicare<br>Parte B<\/div>\n            \n                            <div class=\"c-block__list-desc\">Ofrece cobertura para la atenci\u00f3n m\u00e9dica.<\/div>\n            \n        <\/li>\n                    <li class=\"c-block__list-item has-icon\">\n\n                            <img loading=\"lazy\" decoding=\"async\" width=\"1\" height=\"1\" src=\"https:\/\/protectioninsurance.com\/wp-content\/uploads\/2024\/07\/icon-comprehensive.svg\" class=\"c-block__list-icon\" alt=\"icon-comprehensive-2\" \/>            \n                            <div class=\"c-block__list-title -h4\">Medicare<br>Parte C<\/div>\n            \n                            <div class=\"c-block__list-desc\">Ofrece beneficios adicionales a las partes A y B de Medicare, incluyendo la Parte D.<\/div>\n            \n        <\/li>\n                    <li class=\"c-block__list-item has-icon\">\n\n                            <img loading=\"lazy\" decoding=\"async\" width=\"1\" height=\"1\" src=\"https:\/\/protectioninsurance.com\/wp-content\/uploads\/2024\/07\/icon-nation-wide-reach.svg\" class=\"c-block__list-icon\" alt=\"icon-nation-wide-reach-2\" \/>            \n                            <div class=\"c-block__list-title -h4\">Medicare<br>Parte D<\/div>\n            \n                            <div class=\"c-block__list-desc\">Ofrece cobertura para medicamentos recetados.<\/div>\n            \n        <\/li>\n    <\/ul>\t\t\t\t    <div class=\"c-block__btn\">\n\t\t\n\t\t\t<a href=\"\/es\/contacto\/\"  class=\"c-btn -normal -inverted \"><span class=\"c-btn__inner\"><span class=\"c-btn__txt\">Habla Con Un Experto<\/span><\/span><\/a>\n\t\t    <\/div>\n\t        <\/div>\n    <\/div>\n\n    <div class=\"c-block__col c-block__media\">\n                    <div class=\"c-block__image decored-image\">\n                <img loading=\"lazy\" decoding=\"async\" width=\"547\" height=\"787\" src=\"https:\/\/protectioninsurance.com\/wp-content\/uploads\/2024\/07\/become-insurance-agent.jpg\" class=\"decored-image__src\" alt=\"become-insurance-agent-2\" srcset=\"https:\/\/protectioninsurance.com\/wp-content\/uploads\/2024\/07\/become-insurance-agent.jpg 547w, https:\/\/protectioninsurance.com\/wp-content\/uploads\/2024\/07\/become-insurance-agent-209x300.jpg 209w, https:\/\/protectioninsurance.com\/wp-content\/uploads\/2024\/07\/become-insurance-agent-139x200.jpg 139w\" sizes=\"auto, (max-width: 547px) 100vw, 547px\" \/>            <\/div>\n            <\/div>\n<\/div>\n\n\t\t<\/div>\n\n\t<\/div>\n\n<\/div>\n\n\n\n<div class=\"section-divider container \" style=\"--line-color:#4db7ef\">\n\n\t\n\t        <div class=\"section-divider-icon\">\n            <img loading=\"lazy\" decoding=\"async\" width=\"131\" height=\"131\" src=\"https:\/\/protectioninsurance.com\/wp-content\/uploads\/2024\/07\/section-divider-logo.png\" class=\"section-divider-icon__src\" alt=\"section-divider-logo-2\" \/>        <\/div>\n\t\n<\/div>\n\n\n<div class=\"m-accordion  gt-l gb-l\"  style='background-color: #edfbff;--module-bg-color: #edfbff'>\n\n\t\n\t\n\t<div class=\"m-accordion__container container\" style=\"\">\n\t\t<div class=\"l-accordion l-accordion-v2 order-default js-acc-wrapper icons-arrows has-counters has-underline\" style=\"--columns-ratio: 50%;\"  data-animation=\"js\">\n\n            <div class=\"l-accordion__col l-accordion__heading\">\n\n                    <div class=\"c-heading -h2 \">\n\t\t\n\t\t\n\t\t\t\t\t<h2  class=\"c-heading__title\"><em>Innovando<\/em> Soluciones de Seguro<\/h2>\t\t\n\t\t            <div class=\"c-heading__sub\" >\n\t\t\t\tEmpoderando a Nuestra Comunidad de la Edad de Oro            <\/div>\n\t\t    <\/div>\n    <div class=\"c-heading__description is-wysiwyg\">\n        <p>Medicare es un programa federal de seguros de salud que ofrece cobertura a personas de 65 a\u00f1os o m\u00e1s, as\u00ed como a ciertas personas menores de 65 a\u00f1os con discapacidades, Enfermedad Renal en Etapa Terminal (ESRD) o Esclerosis Lateral Amiotr\u00f3fica (ALS).<\/p>\n    <\/div>\n                \t    <div class=\"c-block__btn\">\n\t\t\n\t\t\t<a href=\"\/es\/contacto\/\"  class=\"c-btn -normal -primary \"><span class=\"c-btn__inner\"><span class=\"c-btn__txt\">Habla Con Un Experto<\/span><\/span><\/a>\n\t\t    <\/div>\n\t\n            <\/div>\n\n\t\t\t\n\t\t\t\t<div class=\"l-accordion__col l-accordion__content\">\n\n\t\t\t\t\t<div class=\"c-accordion\">\n\t\t\t\t\t\t\n\t\t\t\t\t\t\t\n<div class=\"c-accordion__item js-acc-item is-active\">\n\t\t\t\n\t\t<h3  class=\"c-accordion__title-wrap -h3\">        <button class=\"js-acc-button c-accordion__title\">\n\t\t\t<span class=\"acc-title\">Medicare Original<\/span>\n\t\t\t<span class=\"acc-icon\"><\/span>\n        <\/button>\n\t\t<\/h3>\t\n    <div class=\"js-acc-content\">\n\t\t            <div class=\"c-accordion__content\">\n                <div class=\"is-wysiwyg\">\n\t\t\t\t\t<p>Tambi\u00e9n conocido como Medicare Tradicional, se refiere a las Partes A y B del Medicare.<\/p>\n<ul>\n<li><strong>Parte A:<\/strong> Ayuda a cubrir los costos de las estancias en hospitales, instalaciones de cuidado de enfermer\u00eda especializada, algunos cuidados en el hogar y cuidados paliativos al final de la vida.<\/li>\n<li><strong>Parte B:<\/strong> Cubre los servicios de los m\u00e9dicos, ex\u00e1menes de diagn\u00f3stico, pruebas de laboratorio, atenci\u00f3n ambulatoria, servicios preventivos, as\u00ed como algunos equipos m\u00e9dicos y transporte. La Parte B del Medicare tiene una prima mensual que puede variar cada a\u00f1o, regulada por CMS.<\/li>\n<\/ul>\n<p>El Medicare Original solo cubre el 80% del costo total de los servicios mencionados anteriormente.<\/p>\n                <\/div>\n\t\t\t\t\t\t\t\t\t\t    <div class=\"c-block__btn\">\n\t\t\n\t\t\t\n\t\t    <\/div>\n\t\t\t\t\t            <\/div>\n\t\t\n        <div class=\"c-accordion__media\">\n                    <\/div>\n    <\/div>\n\n<\/div>\n\n\t\t\t\t\t\t\t\n\t\t\t\t\t\t\t\n<div class=\"c-accordion__item js-acc-item\">\n\t\t\t\n\t\t<h3  class=\"c-accordion__title-wrap -h3\">        <button class=\"js-acc-button c-accordion__title\">\n\t\t\t<span class=\"acc-title\">Medicare Parte C<\/span>\n\t\t\t<span class=\"acc-icon\"><\/span>\n        <\/button>\n\t\t<\/h3>\t\n    <div class=\"js-acc-content\">\n\t\t            <div class=\"c-accordion__content\">\n                <div class=\"is-wysiwyg\">\n\t\t\t\t\t<p>Mejor conocido como Medicare Advantage, esta es una alternativa todo en uno al Medicare Original. Ofrecido por compa\u00f1\u00edas de seguros, agrupa las Partes A, B y D del Medicare, ayudando a reducir los gastos de bolsillo del beneficiario mientras agrega beneficios adicionales como:<\/p>\n<ul>\n<li>Cobertura dental<\/li>\n<li>Cobertura de visi\u00f3n<\/li>\n<li>Cobertura auditiva<\/li>\n<li>Beneficios de acondicionamiento f\u00edsico<\/li>\n<\/ul>\n                <\/div>\n\t\t\t\t            <\/div>\n\t\t\n        <div class=\"c-accordion__media\">\n                    <\/div>\n    <\/div>\n\n<\/div>\n\n\t\t\t\t\t\t\t\n\t\t\t\t\t\t\t\n<div class=\"c-accordion__item js-acc-item\">\n\t\t\t\n\t\t<h3  class=\"c-accordion__title-wrap -h3\">        <button class=\"js-acc-button c-accordion__title\">\n\t\t\t<span class=\"acc-title\">Medicare Parte D<\/span>\n\t\t\t<span class=\"acc-icon\"><\/span>\n        <\/button>\n\t\t<\/h3>\t\n    <div class=\"js-acc-content\">\n\t\t            <div class=\"c-accordion__content\">\n                <div class=\"is-wysiwyg\">\n\t\t\t\t\t<p>Tambi\u00e9n conocido como la Cobertura de Medicamentos Recetados de Medicare, la Parte D de Medicare ayuda a cubrir el costo de los medicamentos recetados. Cada plan de la Parte D de Medicare tendr\u00e1 un formulario de medicamentos que detalla una lista de medicamentos aprobados y sus copagos o coaseguro para el plan espec\u00edfico.<\/p>\n                <\/div>\n\t\t\t\t            <\/div>\n\t\t\n        <div class=\"c-accordion__media\">\n                    <\/div>\n    <\/div>\n\n<\/div>\n\n\t\t\t\t\t\t\t\n\t\t\t\t\t\t\t\n<div class=\"c-accordion__item js-acc-item\">\n\t\t\t\n\t\t<h3  class=\"c-accordion__title-wrap -h3\">        <button class=\"js-acc-button c-accordion__title\">\n\t\t\t<span class=\"acc-title\">Medigap<\/span>\n\t\t\t<span class=\"acc-icon\"><\/span>\n        <\/button>\n\t\t<\/h3>\t\n    <div class=\"js-acc-content\">\n\t\t            <div class=\"c-accordion__content\">\n                <div class=\"is-wysiwyg\">\n\t\t\t\t\t<p><strong>Medigap<\/strong> es un seguro privado que cubre los \u00abvac\u00edos\u00bb en Medicare Original, como copagos, coseguro y deducibles.<\/p>\n<p><strong>Beneficios incluyen:<\/strong><\/p>\n<ul>\n<li><strong>Cobertura Suplementaria:<\/strong> Cubre costos adicionales no pagados por las Partes A y B de Medicare.<\/li>\n<li><strong>Flexibilidad:<\/strong> Permite a los beneficiarios elegir cualquier m\u00e9dico o proveedor que acepte Medicare.<\/li>\n<\/ul>\n<p>Los beneficiarios pagan una prima mensual adicional adem\u00e1s del costo de la Parte B de Medicare. Los precios y la cobertura var\u00edan seg\u00fan la p\u00f3liza.<\/p>\n                <\/div>\n\t\t\t\t            <\/div>\n\t\t\n        <div class=\"c-accordion__media\">\n                    <\/div>\n    <\/div>\n\n<\/div>\n\n\t\t\t\t\t\t\t\t\t\t\t\t<\/div>\n\n\t\t\t\t<\/div>\n\n\t\t\t\n\t\t<\/div>\n\t<\/div>\n<\/div>\n","protected":false},"excerpt":{"rendered":"","protected":false},"author":541,"featured_media":0,"parent":783,"menu_order":0,"comment_status":"closed","ping_status":"closed","template":"","meta":{"_acf_changed":false,"inline_featured_image":false,"footnotes":""},"class_list":["post-1223","page","type-page","status-publish","hentry"],"acf":[],"yoast_head":"<!-- This site is optimized with the Yoast SEO plugin v27.4 - https:\/\/yoast.com\/product\/yoast-seo-wordpress\/ -->\n<title>Medicare Advantage - Protection Insurance<\/title>\n<meta name=\"description\" content=\"Descubre nuestros servicios integrales de seguros de Medicare, dise\u00f1ados para adaptarse a tus necesidades. \u00a1Obt\u00e9n una cotizaci\u00f3n personalizada hoy!\" \/>\n<meta name=\"robots\" content=\"index, follow, max-snippet:-1, max-image-preview:large, max-video-preview:-1\" \/>\n<link rel=\"canonical\" href=\"https:\/\/protectioninsurance.com\/es\/servicios\/medicare\/\" \/>\n<meta property=\"og:locale\" content=\"es_ES\" \/>\n<meta property=\"og:type\" content=\"article\" \/>\n<meta property=\"og:title\" content=\"Medicare | Protection Insurance\u200b\" \/>\n<meta property=\"og:description\" content=\"Descubre nuestros servicios integrales de seguros de Medicare, dise\u00f1ados para adaptarse a tus necesidades. \u00a1Obt\u00e9n una cotizaci\u00f3n personalizada hoy!\" \/>\n<meta property=\"og:url\" content=\"https:\/\/protectioninsurance.com\/es\/servicios\/medicare\/\" \/>\n<meta property=\"og:site_name\" content=\"Protection Insurance\" \/>\n<meta property=\"article:modified_time\" content=\"2024-09-13T22:48:16+00:00\" \/>\n<meta property=\"og:image\" content=\"https:\/\/protectioninsurance.com\/wp-content\/uploads\/2024\/08\/New-Project-15.jpg\" \/>\n\t<meta property=\"og:image:width\" content=\"619\" \/>\n\t<meta property=\"og:image:height\" content=\"244\" \/>\n\t<meta property=\"og:image:type\" content=\"image\/jpeg\" \/>\n<meta name=\"twitter:card\" content=\"summary_large_image\" \/>\n<meta name=\"twitter:label1\" content=\"Tiempo de lectura\" \/>\n\t<meta name=\"twitter:data1\" content=\"4 minutos\" \/>\n<script type=\"application\/ld+json\" class=\"yoast-schema-graph\">{\"@context\":\"https:\\\/\\\/schema.org\",\"@graph\":[{\"@type\":\"WebPage\",\"@id\":\"https:\\\/\\\/protectioninsurance.com\\\/es\\\/servicios\\\/medicare\\\/\",\"url\":\"https:\\\/\\\/protectioninsurance.com\\\/es\\\/servicios\\\/medicare\\\/\",\"name\":\"Medicare Advantage - Protection Insurance\",\"isPartOf\":{\"@id\":\"https:\\\/\\\/protectioninsurance.com\\\/#website\"},\"datePublished\":\"2024-06-28T17:13:50+00:00\",\"dateModified\":\"2024-09-13T22:48:16+00:00\",\"description\":\"Descubre nuestros servicios integrales de seguros de Medicare, dise\u00f1ados para adaptarse a tus necesidades. \u00a1Obt\u00e9n una cotizaci\u00f3n personalizada hoy!\",\"breadcrumb\":{\"@id\":\"https:\\\/\\\/protectioninsurance.com\\\/es\\\/servicios\\\/medicare\\\/#breadcrumb\"},\"inLanguage\":\"es\",\"potentialAction\":[{\"@type\":\"ReadAction\",\"target\":[\"https:\\\/\\\/protectioninsurance.com\\\/es\\\/servicios\\\/medicare\\\/\"]}]},{\"@type\":\"BreadcrumbList\",\"@id\":\"https:\\\/\\\/protectioninsurance.com\\\/es\\\/servicios\\\/medicare\\\/#breadcrumb\",\"itemListElement\":[{\"@type\":\"ListItem\",\"position\":1,\"name\":\"Home\",\"item\":\"https:\\\/\\\/protectioninsurance.com\\\/es\\\/\"},{\"@type\":\"ListItem\",\"position\":2,\"name\":\"Servicios\",\"item\":\"https:\\\/\\\/protectioninsurance.com\\\/es\\\/servicios\\\/\"},{\"@type\":\"ListItem\",\"position\":3,\"name\":\"Medicare Advantage\"}]},{\"@type\":\"WebSite\",\"@id\":\"https:\\\/\\\/protectioninsurance.com\\\/#website\",\"url\":\"https:\\\/\\\/protectioninsurance.com\\\/\",\"name\":\"Protection Insurance\",\"description\":\"\",\"potentialAction\":[{\"@type\":\"SearchAction\",\"target\":{\"@type\":\"EntryPoint\",\"urlTemplate\":\"https:\\\/\\\/protectioninsurance.com\\\/?s={search_term_string}\"},\"query-input\":{\"@type\":\"PropertyValueSpecification\",\"valueRequired\":true,\"valueName\":\"search_term_string\"}}],\"inLanguage\":\"es\"}]}<\/script>\n<!-- \/ Yoast SEO plugin. -->","yoast_head_json":{"title":"Medicare Advantage - Protection Insurance","description":"Descubre nuestros servicios integrales de seguros de Medicare, dise\u00f1ados para adaptarse a tus necesidades. \u00a1Obt\u00e9n una cotizaci\u00f3n personalizada hoy!","robots":{"index":"index","follow":"follow","max-snippet":"max-snippet:-1","max-image-preview":"max-image-preview:large","max-video-preview":"max-video-preview:-1"},"canonical":"https:\/\/protectioninsurance.com\/es\/servicios\/medicare\/","og_locale":"es_ES","og_type":"article","og_title":"Medicare | Protection Insurance\u200b","og_description":"Descubre nuestros servicios integrales de seguros de Medicare, dise\u00f1ados para adaptarse a tus necesidades. \u00a1Obt\u00e9n una cotizaci\u00f3n personalizada hoy!","og_url":"https:\/\/protectioninsurance.com\/es\/servicios\/medicare\/","og_site_name":"Protection Insurance","article_modified_time":"2024-09-13T22:48:16+00:00","og_image":[{"width":619,"height":244,"url":"https:\/\/protectioninsurance.com\/wp-content\/uploads\/2024\/08\/New-Project-15.jpg","type":"image\/jpeg"}],"twitter_card":"summary_large_image","twitter_misc":{"Tiempo de lectura":"4 minutos"},"schema":{"@context":"https:\/\/schema.org","@graph":[{"@type":"WebPage","@id":"https:\/\/protectioninsurance.com\/es\/servicios\/medicare\/","url":"https:\/\/protectioninsurance.com\/es\/servicios\/medicare\/","name":"Medicare Advantage - Protection Insurance","isPartOf":{"@id":"https:\/\/protectioninsurance.com\/#website"},"datePublished":"2024-06-28T17:13:50+00:00","dateModified":"2024-09-13T22:48:16+00:00","description":"Descubre nuestros servicios integrales de seguros de Medicare, dise\u00f1ados para adaptarse a tus necesidades. \u00a1Obt\u00e9n una cotizaci\u00f3n personalizada hoy!","breadcrumb":{"@id":"https:\/\/protectioninsurance.com\/es\/servicios\/medicare\/#breadcrumb"},"inLanguage":"es","potentialAction":[{"@type":"ReadAction","target":["https:\/\/protectioninsurance.com\/es\/servicios\/medicare\/"]}]},{"@type":"BreadcrumbList","@id":"https:\/\/protectioninsurance.com\/es\/servicios\/medicare\/#breadcrumb","itemListElement":[{"@type":"ListItem","position":1,"name":"Home","item":"https:\/\/protectioninsurance.com\/es\/"},{"@type":"ListItem","position":2,"name":"Servicios","item":"https:\/\/protectioninsurance.com\/es\/servicios\/"},{"@type":"ListItem","position":3,"name":"Medicare Advantage"}]},{"@type":"WebSite","@id":"https:\/\/protectioninsurance.com\/#website","url":"https:\/\/protectioninsurance.com\/","name":"Protection Insurance","description":"","potentialAction":[{"@type":"SearchAction","target":{"@type":"EntryPoint","urlTemplate":"https:\/\/protectioninsurance.com\/?s={search_term_string}"},"query-input":{"@type":"PropertyValueSpecification","valueRequired":true,"valueName":"search_term_string"}}],"inLanguage":"es"}]}},"_links":{"self":[{"href":"https:\/\/protectioninsurance.com\/es\/wp-json\/wp\/v2\/pages\/1223","targetHints":{"allow":["GET"]}}],"collection":[{"href":"https:\/\/protectioninsurance.com\/es\/wp-json\/wp\/v2\/pages"}],"about":[{"href":"https:\/\/protectioninsurance.com\/es\/wp-json\/wp\/v2\/types\/page"}],"author":[{"embeddable":true,"href":"https:\/\/protectioninsurance.com\/es\/wp-json\/wp\/v2\/users\/541"}],"replies":[{"embeddable":true,"href":"https:\/\/protectioninsurance.com\/es\/wp-json\/wp\/v2\/comments?post=1223"}],"version-history":[{"count":3,"href":"https:\/\/protectioninsurance.com\/es\/wp-json\/wp\/v2\/pages\/1223\/revisions"}],"predecessor-version":[{"id":3037,"href":"https:\/\/protectioninsurance.com\/es\/wp-json\/wp\/v2\/pages\/1223\/revisions\/3037"}],"up":[{"embeddable":true,"href":"https:\/\/protectioninsurance.com\/es\/wp-json\/wp\/v2\/pages\/783"}],"wp:attachment":[{"href":"https:\/\/protectioninsurance.com\/es\/wp-json\/wp\/v2\/media?parent=1223"}],"curies":[{"name":"wp","href":"https:\/\/api.w.org\/{rel}","templated":true}]}}