{"id":1229,"date":"2024-06-28T17:14:15","date_gmt":"2024-06-28T17:14:15","guid":{"rendered":"https:\/\/protectioninsurance.com\/servicios\/supplemental-plans\/"},"modified":"2024-09-18T13:53:23","modified_gmt":"2024-09-18T13:53:23","slug":"seguros-suplementarios","status":"publish","type":"page","link":"https:\/\/protectioninsurance.com\/es\/servicios\/seguros-suplementarios\/","title":{"rendered":"Seguros Suplementarios"},"content":{"rendered":"<div class=\"m-banner m-banner--full \" >\n\n\t\n\t\n\t<div class=\"m-banner__container container-fluid\" style='--columns-ratio: 47%;background-color: #1e2d5e;--module-bg-color: #1e2d5e'>\n\n\t\t<div class=\"m-banner__inner container style-dark\">\n\n\t\t\t<div class=\"l-banner  l-gt-d l-gb-d\" style=\"\">\n\n\t\t\t\t\n<div class=\"l-banner__text\">\n        <div class=\"l-banner__inner\">\n\n        <div class=\"c-heading -h1\">\n\t\t\t\n\t\t\t\t\t\t\t<h1  class=\"c-heading__title\">P\u00f3lizas de Seguros<u>Suplementarios<\/u><\/h1>\t\t\t\n\t\t\t        <\/div>\n    <\/div>\n\n    <div class=\"l-banner__text-bottom\">\n                    <div class=\"c-heading__description is-wysiwyg\">\n                <p>Mejora tu cobertura con planes de seguro suplementario para una protecci\u00f3n adicional y tranquilidad.<\/p>\n            <\/div>\n                \t    <div class=\"c-block__btn\">\n\t\t\n\t\t\t<a href=\"\/es\/contacto\/\"  class=\"c-btn -normal -inverted \"><span class=\"c-btn__inner\"><span class=\"c-btn__txt\">Habla Con Un Experto<\/span><\/span><\/a>\n\t\t    <\/div>\n\t    <\/div>\n<\/div>\n\n    <div class=\"l-banner__media\">\n        <div class=\"l-banner__media-decor\"><\/div>\n\n\t\t\t\t\t\n\t\t\t\t            <div class=\"c-image\">\n            <figure class=\"c-image__media c-image__primary\">\n                <img decoding=\"async\" class=\"c-image__src lazy\" loading=\"lazy\" src=\"https:\/\/protectioninsurance.com\/wp-content\/uploads\/2024\/08\/iStock-1062476440-1300x888.jpg\"  alt=\"iStock-1062476440\" width=\"1300\" height=\"888\"\/>            <\/figure>\n        <\/div>\n    \n\t\t\t\n\t\t\n            <\/div>\n\n\t\t\t<\/div>\n\n\t\t\t\n    <div class=\"scroll-down sd-right\">\n        <span class=\"scroll-down__line\"><\/span>\n                    <img loading=\"lazy\" decoding=\"async\" src=\"https:\/\/protectioninsurance.com\/wp-content\/uploads\/2024\/07\/scroll-down.svg\" width=\"100\" height=\"100\" class=\"scroll-down__ico\" alt=\"Despl\u00e1cese hacia abajo\">\n            <\/div>\n\n\t\t<\/div>\n\t<\/div>\n\n<\/div>\n\n\n<div class=\"m-accordion  gt-l gb-l -colors-inverted\"  style='background-color: #1e2d5e;--module-bg-color: #1e2d5e'>\n\n\t\n\t\n\t<div class=\"m-accordion__container container\" style=\"\">\n\t\t<div class=\"l-accordion l-accordion-v2 order-default js-acc-wrapper icons-arrows has-counters has-underline\" style=\"--columns-ratio: 50%;\"  data-animation=\"js\">\n\n            <div class=\"l-accordion__col l-accordion__heading\">\n\n                    <div class=\"c-heading -h2 \">\n\t\t\n\t\t\n\t\t\t\t\t<h2  class=\"c-heading__title\">Cubre Tus <em>Brechas<\/em> <br>de Cobertura con un Seguros Suplementario<\/h2>\t\t\n\t\t    <\/div>\n    <div class=\"c-heading__description is-wysiwyg\">\n        <p>Los planes de seguro suplementario est\u00e1n dise\u00f1ados para complementar la cobertura b\u00e1sica que ya tienes, proporcionando beneficios adicionales que no est\u00e1n cubiertos por tu plan de seguro principal. Estos planes son ideales para cubrir las \u201cdeficiencias\u201d en la cobertura que podr\u00edan dejarte vulnerable a costos inesperados.<\/p>\n    <\/div>\n                \t    <div class=\"c-block__btn\">\n\t\t\n\t\t\t<a href=\"\/es\/contacto\/\"  class=\"c-btn -normal -inverted \"><span class=\"c-btn__inner\"><span class=\"c-btn__txt\">Obtenga Una Cotizaci\u00f3n<\/span><\/span><\/a>\n\t\t    <\/div>\n\t\n            <\/div>\n\n\t\t\t\n\t\t\t\t<div class=\"l-accordion__col l-accordion__content\">\n\n\t\t\t\t\t<div class=\"c-accordion\">\n\t\t\t\t\t\t\n\t\t\t\t\t\t\t\n<div class=\"c-accordion__item js-acc-item is-active\">\n\t\t\t\n\t\t<h3  class=\"c-accordion__title-wrap -h3\">        <button class=\"js-acc-button c-accordion__title\">\n\t\t\t<span class=\"acc-title\">Seguro de Accidentes<\/span>\n\t\t\t<span class=\"acc-icon\"><\/span>\n        <\/button>\n\t\t<\/h3>\t\n    <div class=\"js-acc-content\">\n\t\t            <div class=\"c-accordion__content\">\n                <div class=\"is-wysiwyg\">\n\t\t\t\t\t<ul>\n<li><strong>Cobertura:<\/strong> Le ofrece un pago directo si sufres un accidente que resulte en lesiones cubiertas. Este pago puede ser utilizado para cubrir deducibles, copagos u otros gastos relacionados con el accidente.<\/li>\n<li><strong>Beneficios:<\/strong> Ayuda a gestionar costos inesperados que tu plan de salud principal podr\u00eda no cubrir completamente, como visitas a la sala de emergencias, radiograf\u00edas, terapia f\u00edsica y m\u00e1s.<\/li>\n<\/ul>\n                <\/div>\n\t\t\t\t\t\t\t\t\t\t    <div class=\"c-block__btn\">\n\t\t\n\t\t\t\n\t\t    <\/div>\n\t\t\t\t\t            <\/div>\n\t\t\n        <div class=\"c-accordion__media\">\n                    <\/div>\n    <\/div>\n\n<\/div>\n\n\t\t\t\t\t\t\t\n\t\t\t\t\t\t\t\n<div class=\"c-accordion__item js-acc-item\">\n\t\t\t\n\t\t<h3  class=\"c-accordion__title-wrap -h3\">        <button class=\"js-acc-button c-accordion__title\">\n\t\t\t<span class=\"acc-title\">Seguro de Enfermedades Cr\u00edticas<\/span>\n\t\t\t<span class=\"acc-icon\"><\/span>\n        <\/button>\n\t\t<\/h3>\t\n    <div class=\"js-acc-content\">\n\t\t            <div class=\"c-accordion__content\">\n                <div class=\"is-wysiwyg\">\n\t\t\t\t\t<ul>\n<li><strong>Cobertura:<\/strong> Le ofrece un pago en un solo monto si se te diagnostica una enfermedad cr\u00edtica cubierta, como c\u00e1ncer, ataque al coraz\u00f3n o accidente cerebrovascular.<\/li>\n<li><strong>Beneficios:<\/strong> El pago puede ser utilizado para cubrir gastos m\u00e9dicos no cubiertos, como medicamentos especializados, as\u00ed como otros costos asociados como viajes para tratamientos, cuidados en el hogar o modificaciones en el hogar.<\/li>\n<\/ul>\n                <\/div>\n\t\t\t\t            <\/div>\n\t\t\n        <div class=\"c-accordion__media\">\n                    <\/div>\n    <\/div>\n\n<\/div>\n\n\t\t\t\t\t\t\t\n\t\t\t\t\t\t\t\n<div class=\"c-accordion__item js-acc-item\">\n\t\t\t\n\t\t<h3  class=\"c-accordion__title-wrap -h3\">        <button class=\"js-acc-button c-accordion__title\">\n\t\t\t<span class=\"acc-title\">Seguro de Hospitalizaci\u00f3n<\/span>\n\t\t\t<span class=\"acc-icon\"><\/span>\n        <\/button>\n\t\t<\/h3>\t\n    <div class=\"js-acc-content\">\n\t\t            <div class=\"c-accordion__content\">\n                <div class=\"is-wysiwyg\">\n\t\t\t\t\t<ul>\n<li><strong>Cobertura:<\/strong> Paga una cantidad diaria, semanal o en un solo monto si eres hospitalizado, independientemente del otro seguro que puedas tener.<\/li>\n<li><strong>Beneficios:<\/strong> Ayuda a cubrir los costos de hospitalizaci\u00f3n que tu seguro de salud principal podr\u00eda no cubrir completamente, como deducibles, copagos y servicios fuera de la red.<\/li>\n<\/ul>\n                <\/div>\n\t\t\t\t            <\/div>\n\t\t\n        <div class=\"c-accordion__media\">\n                    <\/div>\n    <\/div>\n\n<\/div>\n\n\t\t\t\t\t\t\t\n\t\t\t\t\t\t\t\n<div class=\"c-accordion__item js-acc-item\">\n\t\t\t\n\t\t<h3  class=\"c-accordion__title-wrap -h3\">        <button class=\"js-acc-button c-accordion__title\">\n\t\t\t<span class=\"acc-title\">Seguro Dental y de Visi\u00f3n<\/span>\n\t\t\t<span class=\"acc-icon\"><\/span>\n        <\/button>\n\t\t<\/h3>\t\n    <div class=\"js-acc-content\">\n\t\t            <div class=\"c-accordion__content\">\n                <div class=\"is-wysiwyg\">\n\t\t\t\t\t<ul>\n<li><strong>Cobertura:<\/strong> Ofrece beneficios adicionales para el cuidado dental y de visi\u00f3n, incluyendo revisiones regulares, limpiezas, tratamientos, gafas y lentes de contacto.<\/li>\n<li><strong>Beneficios:<\/strong> Ideal para aquellos cuya cobertura de salud principal no incluye beneficios dentales o de visi\u00f3n, ayudando a reducir los costos de bolsillo para cuidados preventivos y necesarios.<\/li>\n<\/ul>\n                <\/div>\n\t\t\t\t            <\/div>\n\t\t\n        <div class=\"c-accordion__media\">\n                    <\/div>\n    <\/div>\n\n<\/div>\n\n\t\t\t\t\t\t\t\n\t\t\t\t\t\t\t\n<div class=\"c-accordion__item js-acc-item\">\n\t\t\t\n\t\t<h3  class=\"c-accordion__title-wrap -h3\">        <button class=\"js-acc-button c-accordion__title\">\n\t\t\t<span class=\"acc-title\">Seguro de Ingreso por Discapacidad<\/span>\n\t\t\t<span class=\"acc-icon\"><\/span>\n        <\/button>\n\t\t<\/h3>\t\n    <div class=\"js-acc-content\">\n\t\t            <div class=\"c-accordion__content\">\n                <div class=\"is-wysiwyg\">\n\t\t\t\t\t<ul>\n<li><strong>Cobertura:<\/strong> Proporciona reemplazo de ingresos si no puedes trabajar debido a una enfermedad o lesi\u00f3n cubierta.<\/li>\n<li><strong>Beneficios:<\/strong> Asegura que puedas mantener tu ingreso durante un per\u00edodo de discapacidad, ayudando a cubrir gastos diarios y evitar problemas financieros durante la recuperaci\u00f3n.<\/li>\n<\/ul>\n                <\/div>\n\t\t\t\t            <\/div>\n\t\t\n        <div class=\"c-accordion__media\">\n                    <\/div>\n    <\/div>\n\n<\/div>\n\n\t\t\t\t\t\t\t\t\t\t\t\t<\/div>\n\n\t\t\t\t<\/div>\n\n\t\t\t\n\t\t<\/div>\n\t<\/div>\n<\/div>\n\n\n\n<div class=\"section-divider container \" style=\"--line-color:#4db7ef\">\n\n\t\n\t        <div class=\"section-divider-icon\">\n            <img loading=\"lazy\" decoding=\"async\" width=\"131\" height=\"131\" src=\"https:\/\/protectioninsurance.com\/wp-content\/uploads\/2024\/07\/section-divider-logo.png\" class=\"section-divider-icon__src\" alt=\"section-divider-logo-2\" \/>        <\/div>\n\t\n<\/div>\n\n\n<div class=\"m-block  gt-l gb-l m-cards\"  style='background-color: #edfbff;--module-bg-color: #edfbff'>\n\n\t\n\t\t\t\t\t\t            <div class=\"c-decor has-img-decor --d-center-hor --d-bottom\">\n\t\t\t\t\t\t\t\t\t                    <div class=\"c-decor__image\">\n                        <img loading=\"lazy\" decoding=\"async\" width=\"401\" height=\"737\" src=\"https:\/\/protectioninsurance.com\/wp-content\/uploads\/2024\/07\/cards-decor.svg\" class=\"c-decor__image-src\" alt=\"cards-decor\" \/>                    <\/div>\n\t\t\t\t            <\/div>\n\t\t\n\t\n\t<div class=\"m-block__container container\"\n\t\tstyle=\"\">\n        \n            <div class=\"l-heading-top\">\n        <div class=\"c-heading -h2 \">\n\t\t\t\n\t\t\t\t\t\t\t<h2  class=\"c-heading__title\">Por Qu\u00e9 Nuestras Opciones de Seguro <em>Sobresalen<\/em><\/h2>\t\t\t\n                            <div class=\"c-heading__sub\">\n                    Descubre los beneficios \u00fanicos de nuestra cobertura integral                <\/div>\n                    <\/div>\n            <\/div>\n\n\t\t<div class=\"l-cards l-cards-v2\"\n\t\t\tdata-grid-col=\"4\">\n\t\t\t\t\t\t\t\t\t<div class=\"l-cards__item\">\n\t\t\t\t\t\t<div class=\"c-card\">\n            <div class=\"c-card-icon\">\n            <img loading=\"lazy\" decoding=\"async\" width=\"44\" height=\"44\" src=\"https:\/\/protectioninsurance.com\/wp-content\/uploads\/2024\/07\/checkmark-badge.svg\" class=\"c-card-icon__src\" alt=\"checkmark-badge-2\" \/>        <\/div>\n    \n    <div class=\"c-card__text\">\n                    <div class=\"c-card__title\">\n                <h4  class=\"-h4\">Flexibilidad en el Uso de Beneficios<\/h4>            <\/div>\n        \n                    <div class=\"c-card__description\">\n                <p>Los pagos de seguros suplementarios a menudo se realizan directamente al asegurado, permiti\u00e9ndole decidir c\u00f3mo utilizar esos fondos, ya sea para gastos m\u00e9dicos, gastos personales u otras necesidades.<\/p>\n            <\/div>\n            <\/div>\n<\/div>\n\t\t\t\t\t<\/div>\n\t\t\t\t\t\t\t\t\t<div class=\"l-cards__item\">\n\t\t\t\t\t\t<div class=\"c-card\">\n            <div class=\"c-card-icon\">\n            <img loading=\"lazy\" decoding=\"async\" width=\"44\" height=\"44\" src=\"https:\/\/protectioninsurance.com\/wp-content\/uploads\/2024\/07\/checkmark-badge.svg\" class=\"c-card-icon__src\" alt=\"checkmark-badge-2\" \/>        <\/div>\n    \n    <div class=\"c-card__text\">\n                    <div class=\"c-card__title\">\n                <h4  class=\"-h4\">Complemento a Tu Seguro Principal<\/h4>            <\/div>\n        \n                    <div class=\"c-card__description\">\n                <p>Estos planes est\u00e1n dise\u00f1ados para funcionar junto a tu seguro de salud principal, asegurando una cobertura completa, incluso en situaciones inesperadas.<\/p>\n            <\/div>\n            <\/div>\n<\/div>\n\t\t\t\t\t<\/div>\n\t\t\t\t\t\t\t\t\t<div class=\"l-cards__item\">\n\t\t\t\t\t\t<div class=\"c-card\">\n            <div class=\"c-card-icon\">\n            <img loading=\"lazy\" decoding=\"async\" width=\"44\" height=\"44\" src=\"https:\/\/protectioninsurance.com\/wp-content\/uploads\/2024\/07\/checkmark-badge.svg\" class=\"c-card-icon__src\" alt=\"checkmark-badge-2\" \/>        <\/div>\n    \n    <div class=\"c-card__text\">\n                    <div class=\"c-card__title\">\n                <h4  class=\"-h4\">Acceso R\u00e1pido a Fondos<\/h4>            <\/div>\n        \n                    <div class=\"c-card__description\">\n                <p>En muchos casos, los pagos de seguros suplementarios se procesan r\u00e1pidamente, proporcion\u00e1ndote los recursos financieros necesarios sin largos per\u00edodos de espera.<\/p>\n            <\/div>\n            <\/div>\n<\/div>\n\t\t\t\t\t<\/div>\n\t\t\t\t\t\t\t\t\t<div class=\"l-cards__item\">\n\t\t\t\t\t\t<div class=\"c-card\">\n            <div class=\"c-card-icon\">\n            <img loading=\"lazy\" decoding=\"async\" width=\"44\" height=\"44\" src=\"https:\/\/protectioninsurance.com\/wp-content\/uploads\/2024\/07\/checkmark-badge.svg\" class=\"c-card-icon__src\" alt=\"checkmark-badge-2\" \/>        <\/div>\n    \n    <div class=\"c-card__text\">\n                    <div class=\"c-card__title\">\n                <h4  class=\"-h4\">Primas Asequibles<\/h4>            <\/div>\n        \n                    <div class=\"c-card__description\">\n                <p>Los planes suplementarios suelen tener primas m\u00e1s bajas en comparaci\u00f3n con el seguro principal, lo que los convierte en una opci\u00f3n econ\u00f3mica para mejorar tu cobertura sin una carga financiera significativa.<\/p>\n            <\/div>\n            <\/div>\n<\/div>\n\t\t\t\t\t<\/div>\n\t\t\t\t\t\t<\/div>\n\n\t<\/div>\n\n<\/div>\n","protected":false},"excerpt":{"rendered":"","protected":false},"author":541,"featured_media":0,"parent":783,"menu_order":0,"comment_status":"closed","ping_status":"closed","template":"","meta":{"_acf_changed":false,"inline_featured_image":false,"footnotes":""},"class_list":["post-1229","page","type-page","status-publish","hentry"],"acf":[],"yoast_head":"<!-- This site is optimized with the Yoast SEO plugin v27.4 - https:\/\/yoast.com\/product\/yoast-seo-wordpress\/ -->\n<title>Seguros Suplementarios - Protection Insurance<\/title>\n<meta name=\"description\" content=\"Descubre nuestros servicios integrales de seguros suplementarios, dise\u00f1ados para adaptarse a tus necesidades. \u00a1Obt\u00e9n una cotizaci\u00f3n personalizada hoy!\" \/>\n<meta name=\"robots\" content=\"index, follow, max-snippet:-1, max-image-preview:large, max-video-preview:-1\" \/>\n<link rel=\"canonical\" href=\"https:\/\/protectioninsurance.com\/services\/supplemental-plans\/\" \/>\n<meta property=\"og:locale\" content=\"es_ES\" \/>\n<meta property=\"og:type\" content=\"article\" \/>\n<meta property=\"og:title\" content=\"Seguros suplementarios | Protection Insurance\u200b\" \/>\n<meta property=\"og:description\" content=\"Descubre nuestros servicios integrales de seguros suplementarios, dise\u00f1ados para adaptarse a tus necesidades. \u00a1Obt\u00e9n una cotizaci\u00f3n personalizada hoy!\" \/>\n<meta property=\"og:url\" content=\"https:\/\/protectioninsurance.com\/services\/supplemental-plans\/\" \/>\n<meta property=\"og:site_name\" content=\"Protection Insurance\" \/>\n<meta property=\"article:modified_time\" content=\"2024-09-18T13:53:23+00:00\" \/>\n<meta property=\"og:image\" content=\"https:\/\/protectioninsurance.com\/wp-content\/uploads\/2024\/08\/New-Project-10.jpg\" \/>\n\t<meta property=\"og:image:width\" content=\"619\" \/>\n\t<meta property=\"og:image:height\" content=\"244\" \/>\n\t<meta property=\"og:image:type\" content=\"image\/jpeg\" \/>\n<meta name=\"twitter:card\" content=\"summary_large_image\" \/>\n<meta name=\"twitter:label1\" content=\"Tiempo de lectura\" \/>\n\t<meta name=\"twitter:data1\" content=\"5 minutos\" \/>\n<script type=\"application\/ld+json\" class=\"yoast-schema-graph\">{\"@context\":\"https:\\\/\\\/schema.org\",\"@graph\":[{\"@type\":\"WebPage\",\"@id\":\"https:\\\/\\\/protectioninsurance.com\\\/services\\\/supplemental-plans\\\/\",\"url\":\"https:\\\/\\\/protectioninsurance.com\\\/services\\\/supplemental-plans\\\/\",\"name\":\"Seguros Suplementarios - Protection Insurance\",\"isPartOf\":{\"@id\":\"https:\\\/\\\/protectioninsurance.com\\\/#website\"},\"datePublished\":\"2024-06-28T17:14:15+00:00\",\"dateModified\":\"2024-09-18T13:53:23+00:00\",\"description\":\"Descubre nuestros servicios integrales de seguros suplementarios, dise\u00f1ados para adaptarse a tus necesidades. \u00a1Obt\u00e9n una cotizaci\u00f3n personalizada hoy!\",\"breadcrumb\":{\"@id\":\"https:\\\/\\\/protectioninsurance.com\\\/services\\\/supplemental-plans\\\/#breadcrumb\"},\"inLanguage\":\"es\",\"potentialAction\":[{\"@type\":\"ReadAction\",\"target\":[\"https:\\\/\\\/protectioninsurance.com\\\/services\\\/supplemental-plans\\\/\"]}]},{\"@type\":\"BreadcrumbList\",\"@id\":\"https:\\\/\\\/protectioninsurance.com\\\/services\\\/supplemental-plans\\\/#breadcrumb\",\"itemListElement\":[{\"@type\":\"ListItem\",\"position\":1,\"name\":\"Home\",\"item\":\"https:\\\/\\\/protectioninsurance.com\\\/es\\\/\"},{\"@type\":\"ListItem\",\"position\":2,\"name\":\"Servicios\",\"item\":\"https:\\\/\\\/protectioninsurance.com\\\/es\\\/servicios\\\/\"},{\"@type\":\"ListItem\",\"position\":3,\"name\":\"Seguros Suplementarios\"}]},{\"@type\":\"WebSite\",\"@id\":\"https:\\\/\\\/protectioninsurance.com\\\/#website\",\"url\":\"https:\\\/\\\/protectioninsurance.com\\\/\",\"name\":\"Protection Insurance\",\"description\":\"\",\"potentialAction\":[{\"@type\":\"SearchAction\",\"target\":{\"@type\":\"EntryPoint\",\"urlTemplate\":\"https:\\\/\\\/protectioninsurance.com\\\/?s={search_term_string}\"},\"query-input\":{\"@type\":\"PropertyValueSpecification\",\"valueRequired\":true,\"valueName\":\"search_term_string\"}}],\"inLanguage\":\"es\"}]}<\/script>\n<!-- \/ Yoast SEO plugin. -->","yoast_head_json":{"title":"Seguros Suplementarios - Protection Insurance","description":"Descubre nuestros servicios integrales de seguros suplementarios, dise\u00f1ados para adaptarse a tus necesidades. \u00a1Obt\u00e9n una cotizaci\u00f3n personalizada hoy!","robots":{"index":"index","follow":"follow","max-snippet":"max-snippet:-1","max-image-preview":"max-image-preview:large","max-video-preview":"max-video-preview:-1"},"canonical":"https:\/\/protectioninsurance.com\/services\/supplemental-plans\/","og_locale":"es_ES","og_type":"article","og_title":"Seguros suplementarios | Protection Insurance\u200b","og_description":"Descubre nuestros servicios integrales de seguros suplementarios, dise\u00f1ados para adaptarse a tus necesidades. \u00a1Obt\u00e9n una cotizaci\u00f3n personalizada hoy!","og_url":"https:\/\/protectioninsurance.com\/services\/supplemental-plans\/","og_site_name":"Protection Insurance","article_modified_time":"2024-09-18T13:53:23+00:00","og_image":[{"width":619,"height":244,"url":"https:\/\/protectioninsurance.com\/wp-content\/uploads\/2024\/08\/New-Project-10.jpg","type":"image\/jpeg"}],"twitter_card":"summary_large_image","twitter_misc":{"Tiempo de lectura":"5 minutos"},"schema":{"@context":"https:\/\/schema.org","@graph":[{"@type":"WebPage","@id":"https:\/\/protectioninsurance.com\/services\/supplemental-plans\/","url":"https:\/\/protectioninsurance.com\/services\/supplemental-plans\/","name":"Seguros Suplementarios - Protection Insurance","isPartOf":{"@id":"https:\/\/protectioninsurance.com\/#website"},"datePublished":"2024-06-28T17:14:15+00:00","dateModified":"2024-09-18T13:53:23+00:00","description":"Descubre nuestros servicios integrales de seguros suplementarios, dise\u00f1ados para adaptarse a tus necesidades. \u00a1Obt\u00e9n una cotizaci\u00f3n personalizada hoy!","breadcrumb":{"@id":"https:\/\/protectioninsurance.com\/services\/supplemental-plans\/#breadcrumb"},"inLanguage":"es","potentialAction":[{"@type":"ReadAction","target":["https:\/\/protectioninsurance.com\/services\/supplemental-plans\/"]}]},{"@type":"BreadcrumbList","@id":"https:\/\/protectioninsurance.com\/services\/supplemental-plans\/#breadcrumb","itemListElement":[{"@type":"ListItem","position":1,"name":"Home","item":"https:\/\/protectioninsurance.com\/es\/"},{"@type":"ListItem","position":2,"name":"Servicios","item":"https:\/\/protectioninsurance.com\/es\/servicios\/"},{"@type":"ListItem","position":3,"name":"Seguros Suplementarios"}]},{"@type":"WebSite","@id":"https:\/\/protectioninsurance.com\/#website","url":"https:\/\/protectioninsurance.com\/","name":"Protection Insurance","description":"","potentialAction":[{"@type":"SearchAction","target":{"@type":"EntryPoint","urlTemplate":"https:\/\/protectioninsurance.com\/?s={search_term_string}"},"query-input":{"@type":"PropertyValueSpecification","valueRequired":true,"valueName":"search_term_string"}}],"inLanguage":"es"}]}},"_links":{"self":[{"href":"https:\/\/protectioninsurance.com\/es\/wp-json\/wp\/v2\/pages\/1229","targetHints":{"allow":["GET"]}}],"collection":[{"href":"https:\/\/protectioninsurance.com\/es\/wp-json\/wp\/v2\/pages"}],"about":[{"href":"https:\/\/protectioninsurance.com\/es\/wp-json\/wp\/v2\/types\/page"}],"author":[{"embeddable":true,"href":"https:\/\/protectioninsurance.com\/es\/wp-json\/wp\/v2\/users\/541"}],"replies":[{"embeddable":true,"href":"https:\/\/protectioninsurance.com\/es\/wp-json\/wp\/v2\/comments?post=1229"}],"version-history":[{"count":4,"href":"https:\/\/protectioninsurance.com\/es\/wp-json\/wp\/v2\/pages\/1229\/revisions"}],"predecessor-version":[{"id":3042,"href":"https:\/\/protectioninsurance.com\/es\/wp-json\/wp\/v2\/pages\/1229\/revisions\/3042"}],"up":[{"embeddable":true,"href":"https:\/\/protectioninsurance.com\/es\/wp-json\/wp\/v2\/pages\/783"}],"wp:attachment":[{"href":"https:\/\/protectioninsurance.com\/es\/wp-json\/wp\/v2\/media?parent=1229"}],"curies":[{"name":"wp","href":"https:\/\/api.w.org\/{rel}","templated":true}]}}