{"id":1233,"date":"2024-06-28T17:13:39","date_gmt":"2024-06-28T17:13:39","guid":{"rendered":"https:\/\/protectioninsurance.com\/servicios\/life-insurance\/"},"modified":"2024-09-18T13:54:06","modified_gmt":"2024-09-18T13:54:06","slug":"seguros-de-vida","status":"publish","type":"page","link":"https:\/\/protectioninsurance.com\/es\/servicios\/seguros-de-vida\/","title":{"rendered":"Seguros de Vida"},"content":{"rendered":"<div class=\"m-banner m-banner--full \" >\n\n\t\n\t\n\t<div class=\"m-banner__container container-fluid\" style='--columns-ratio: 47%;background-color: #1e2d5e;--module-bg-color: #1e2d5e'>\n\n\t\t<div class=\"m-banner__inner container style-dark\">\n\n\t\t\t<div class=\"l-banner  l-gt-d l-gb-d\" style=\"\">\n\n\t\t\t\t\n<div class=\"l-banner__text\">\n        <div class=\"l-banner__inner\">\n\n        <div class=\"c-heading -h1\">\n\t\t\t\n\t\t\t\t\t\t\t<h1  class=\"c-heading__title\">P\u00f3lizas de Seguro<br>de <u>Vida<\/u><\/h1>\t\t\t\n\t\t\t        <\/div>\n    <\/div>\n\n    <div class=\"l-banner__text-bottom\">\n                    <div class=\"c-heading__description is-wysiwyg\">\n                <p>Protege lo que m\u00e1s importa. Dale a tu familia el regalo de la seguridad financiera.<\/p>\n            <\/div>\n                \t    <div class=\"c-block__btn\">\n\t\t\n\t\t\t<a href=\"\/es\/contacto\/\"  class=\"c-btn -normal -inverted \"><span class=\"c-btn__inner\"><span class=\"c-btn__txt\">Habla Con Un Experto<\/span><\/span><\/a>\n\t\t    <\/div>\n\t    <\/div>\n<\/div>\n\n    <div class=\"l-banner__media\">\n        <div class=\"l-banner__media-decor\"><\/div>\n\n\t\t\t\t\t\n\t\t\t\t            <div class=\"c-image\">\n            <figure class=\"c-image__media c-image__primary\">\n                <img decoding=\"async\" class=\"c-image__src lazy\" loading=\"lazy\" src=\"https:\/\/protectioninsurance.com\/wp-content\/uploads\/2024\/08\/iStock-1062476440-1300x888.jpg\"  alt=\"iStock-1062476440\" width=\"1300\" height=\"888\"\/>            <\/figure>\n        <\/div>\n    \n\t\t\t\n\t\t\n            <\/div>\n\n\t\t\t<\/div>\n\n\t\t\t\n    <div class=\"scroll-down sd-right\">\n        <span class=\"scroll-down__line\"><\/span>\n                    <img loading=\"lazy\" decoding=\"async\" src=\"https:\/\/protectioninsurance.com\/wp-content\/uploads\/2024\/07\/scroll-down.svg\" width=\"100\" height=\"100\" class=\"scroll-down__ico\" alt=\"Despl\u00e1cese hacia abajo\">\n            <\/div>\n\n\t\t<\/div>\n\t<\/div>\n\n<\/div>\n\n\n<div class=\"m-accordion  gt-l gb-l -colors-inverted\"  style='background-color: #1e2d5e;--module-bg-color: #1e2d5e'>\n\n\t\n\t\n\t<div class=\"m-accordion__container container\" style=\"\">\n\t\t<div class=\"l-accordion l-accordion-v2 order-default js-acc-wrapper icons-arrows has-counters has-underline\" style=\"--columns-ratio: 50%;\"  data-animation=\"js\">\n\n            <div class=\"l-accordion__col l-accordion__heading\">\n\n                    <div class=\"c-heading -h2 \">\n\t\t\n\t\t\n\t\t\t\t\t<h2  class=\"c-heading__title\">Planifica Para Un Ma\u00f1ana <em>Seguro<\/em><\/h2>\t\t\n\t\t    <\/div>\n    <div class=\"c-heading__description is-wysiwyg\">\n        <p>El <strong>seguro de vida<\/strong> es una herramienta esencial para garantizar la estabilidad financiera de tu familia o beneficiarios en caso de tu fallecimiento. Este tipo de seguro est\u00e1 dise\u00f1ado para proporcionar un beneficio monetario que puede ayudar a cubrir gastos funerarios, deudas, educaci\u00f3n y asegurar que tus seres queridos est\u00e9n protegidos financieramente.<\/p>\n    <\/div>\n                \t    <div class=\"c-block__btn\">\n\t\t\n\t\t\t<a href=\"\/es\/contacto\/\"  class=\"c-btn -normal -inverted \"><span class=\"c-btn__inner\"><span class=\"c-btn__txt\">Obt\u00e9n Una Cotizaci\u00f3n<\/span><\/span><\/a>\n\t\t    <\/div>\n\t\n            <\/div>\n\n\t\t\t\n\t\t\t\t<div class=\"l-accordion__col l-accordion__content\">\n\n\t\t\t\t\t<div class=\"c-accordion\">\n\t\t\t\t\t\t\n\t\t\t\t\t\t\t\n<div class=\"c-accordion__item js-acc-item is-active\">\n\t\t\t\n\t\t<h3  class=\"c-accordion__title-wrap -h3\">        <button class=\"js-acc-button c-accordion__title\">\n\t\t\t<span class=\"acc-title\">Seguro de Vida a T\u00e9rmino<\/span>\n\t\t\t<span class=\"acc-icon\"><\/span>\n        <\/button>\n\t\t<\/h3>\t\n    <div class=\"js-acc-content\">\n\t\t            <div class=\"c-accordion__content\">\n                <div class=\"is-wysiwyg\">\n\t\t\t\t\t<p>Este tipo de seguro proporciona cobertura durante un per\u00edodo espec\u00edfico, t\u00edpicamente de 10, 20 o 30 a\u00f1os. Si falleces durante el plazo, tus beneficiarios recibir\u00e1n el beneficio por fallecimiento.<\/p>\n<ul>\n<li><strong>Primas M\u00e1s Bajos:<\/strong> Generalmente tiene primas m\u00e1s bajas en comparaci\u00f3n con otros tipos de seguro de vida, lo que lo hace accesible para muchas personas.<\/li>\n<li><strong>Sin Acumulaci\u00f3n de Valor en Efectivo:<\/strong> A diferencia de otros seguros de vida, no acumula valor en efectivo durante el per\u00edodo de cobertura.<\/li>\n<li><strong>Ideal Para:<\/strong> Personas que necesitan cobertura espec\u00edfica por un tiempo limitado, como hasta que los hijos crezcan o se pague una hipoteca.<\/li>\n<\/ul>\n                <\/div>\n\t\t\t\t\t\t\t\t\t\t    <div class=\"c-block__btn\">\n\t\t\n\t\t\t\n\t\t    <\/div>\n\t\t\t\t\t            <\/div>\n\t\t\n        <div class=\"c-accordion__media\">\n                    <\/div>\n    <\/div>\n\n<\/div>\n\n\t\t\t\t\t\t\t\n\t\t\t\t\t\t\t\n<div class=\"c-accordion__item js-acc-item\">\n\t\t\t\n\t\t<h3  class=\"c-accordion__title-wrap -h3\">        <button class=\"js-acc-button c-accordion__title\">\n\t\t\t<span class=\"acc-title\">Seguro de Vida Entera<\/span>\n\t\t\t<span class=\"acc-icon\"><\/span>\n        <\/button>\n\t\t<\/h3>\t\n    <div class=\"js-acc-content\">\n\t\t            <div class=\"c-accordion__content\">\n                <div class=\"is-wysiwyg\">\n\t\t\t\t\t<p>Ofrece cobertura de por vida con primas fijas y acumula valor en efectivo con el tiempo.<\/p>\n<ul>\n<li><strong>Uso del Valor en Efectivo:<\/strong> Puedes pedir prestado contra o retirar el valor en efectivo, proporcionando flexibilidad financiera.<\/li>\n<\/ul>\n                <\/div>\n\t\t\t\t            <\/div>\n\t\t\n        <div class=\"c-accordion__media\">\n                    <\/div>\n    <\/div>\n\n<\/div>\n\n\t\t\t\t\t\t\t\n\t\t\t\t\t\t\t\n<div class=\"c-accordion__item js-acc-item\">\n\t\t\t\n\t\t<h3  class=\"c-accordion__title-wrap -h3\">        <button class=\"js-acc-button c-accordion__title\">\n\t\t\t<span class=\"acc-title\">Seguro de Vida Universal<\/span>\n\t\t\t<span class=\"acc-icon\"><\/span>\n        <\/button>\n\t\t<\/h3>\t\n    <div class=\"js-acc-content\">\n\t\t            <div class=\"c-accordion__content\">\n                <div class=\"is-wysiwyg\">\n\t\t\t\t\t<p>Ofrece m\u00e1s flexibilidad que el seguro de vida entera, permitiendo ajustes en las primas y en los beneficios por fallecimiento. Tambi\u00e9n acumula valor en efectivo.<\/p>\n<ul>\n<li><strong>Ajustes de Primas:<\/strong> Puedes aumentar o disminuir las primas seg\u00fan tus necesidades y situaci\u00f3n financiera.<\/li>\n<\/ul>\n                <\/div>\n\t\t\t\t            <\/div>\n\t\t\n        <div class=\"c-accordion__media\">\n                    <\/div>\n    <\/div>\n\n<\/div>\n\n\t\t\t\t\t\t\t\n\t\t\t\t\t\t\t\n<div class=\"c-accordion__item js-acc-item\">\n\t\t\t\n\t\t<h3  class=\"c-accordion__title-wrap -h3\">        <button class=\"js-acc-button c-accordion__title\">\n\t\t\t<span class=\"acc-title\">Seguro de Vida Variable<\/span>\n\t\t\t<span class=\"acc-icon\"><\/span>\n        <\/button>\n\t\t<\/h3>\t\n    <div class=\"js-acc-content\">\n\t\t            <div class=\"c-accordion__content\">\n                <div class=\"is-wysiwyg\">\n\t\t\t\t\t<p>Similar al seguro de vida universal, pero con opciones de inversi\u00f3n m\u00e1s agresivas para el valor en efectivo, invertido en fondos como acciones y bonos.<\/p>\n<ul>\n<li><strong>Potencial de Crecimiento:<\/strong> El valor en efectivo y el beneficio por fallecimiento pueden aumentar seg\u00fan el desempe\u00f1o de las inversiones, pero tambi\u00e9n existe el riesgo de disminuci\u00f3n.<\/li>\n<\/ul>\n                <\/div>\n\t\t\t\t            <\/div>\n\t\t\n        <div class=\"c-accordion__media\">\n                    <\/div>\n    <\/div>\n\n<\/div>\n\n\t\t\t\t\t\t\t\n\t\t\t\t\t\t\t\n<div class=\"c-accordion__item js-acc-item\">\n\t\t\t\n\t\t<h3  class=\"c-accordion__title-wrap -h3\">        <button class=\"js-acc-button c-accordion__title\">\n\t\t\t<span class=\"acc-title\">Seguro de Vida Universal Indexado<\/span>\n\t\t\t<span class=\"acc-icon\"><\/span>\n        <\/button>\n\t\t<\/h3>\t\n    <div class=\"js-acc-content\">\n\t\t            <div class=\"c-accordion__content\">\n                <div class=\"is-wysiwyg\">\n\t\t\t\t\t<p>Este tipo de seguro de vida universal acumula valor en efectivo basado en un \u00edndice de mercado, como el S&amp;P 500. Ofrece:<\/p>\n<ul>\n<li><strong>Crecimiento Vinculado al Mercado:<\/strong> El valor en efectivo puede crecer basado en el rendimiento de un \u00edndice, con l\u00edmites que protegen contra ca\u00eddas severas del mercado.<\/li>\n<li><strong>Flexibilidad:<\/strong> Permite ajustes en las primas y los beneficios por fallecimiento, similar al seguro de vida universal.<\/li>\n<\/ul>\n                <\/div>\n\t\t\t\t            <\/div>\n\t\t\n        <div class=\"c-accordion__media\">\n                    <\/div>\n    <\/div>\n\n<\/div>\n\n\t\t\t\t\t\t\t\n\t\t\t\t\t\t\t\n<div class=\"c-accordion__item js-acc-item\">\n\t\t\t\n\t\t<h3  class=\"c-accordion__title-wrap -h3\">        <button class=\"js-acc-button c-accordion__title\">\n\t\t\t<span class=\"acc-title\">Seguro de Vida Con Renovaci\u00f3n y Conversi\u00f3n<\/span>\n\t\t\t<span class=\"acc-icon\"><\/span>\n        <\/button>\n\t\t<\/h3>\t\n    <div class=\"js-acc-content\">\n\t\t            <div class=\"c-accordion__content\">\n                <div class=\"is-wysiwyg\">\n\t\t\t\t\t<p>Ofrece la opci\u00f3n de renovar el seguro de vida a t\u00e9rmino al final del per\u00edodo o convertirlo en un seguro de vida permanente sin necesidad de un nuevo examen m\u00e9dico.<\/p>\n<ul>\n<li><strong>Facilidad de Renovaci\u00f3n:<\/strong> Puedes continuar con la cobertura al final del t\u00e9rmino, aunque las primas pueden aumentar.<\/li>\n<li><strong>Conversi\u00f3n a Seguro Permanente:<\/strong> Brinda flexibilidad para cambiar a una p\u00f3liza permanente si tus necesidades cambian.<\/li>\n<\/ul>\n                <\/div>\n\t\t\t\t            <\/div>\n\t\t\n        <div class=\"c-accordion__media\">\n                    <\/div>\n    <\/div>\n\n<\/div>\n\n\t\t\t\t\t\t\t\t\t\t\t\t<\/div>\n\n\t\t\t\t<\/div>\n\n\t\t\t\n\t\t<\/div>\n\t<\/div>\n<\/div>\n\n\n\n<div class=\"section-divider container \" style=\"--line-color:#4db7ef\">\n\n\t\n\t        <div class=\"section-divider-icon\">\n            <img loading=\"lazy\" decoding=\"async\" width=\"131\" height=\"131\" src=\"https:\/\/protectioninsurance.com\/wp-content\/uploads\/2024\/07\/section-divider-logo.png\" class=\"section-divider-icon__src\" alt=\"section-divider-logo-2\" \/>        <\/div>\n\t\n<\/div>\n\n\n<div class=\"m-block  gt-l gb-l m-cards\"  style='background-color: #edfbff;--module-bg-color: #edfbff'>\n\n\t\n\t\t\t\t\t\t            <div class=\"c-decor has-img-decor --d-center-hor --d-bottom\">\n\t\t\t\t\t\t\t\t\t                    <div class=\"c-decor__image\">\n                        <img loading=\"lazy\" decoding=\"async\" width=\"401\" height=\"737\" src=\"https:\/\/protectioninsurance.com\/wp-content\/uploads\/2024\/07\/cards-decor.svg\" class=\"c-decor__image-src\" alt=\"cards-decor\" \/>                    <\/div>\n\t\t\t\t            <\/div>\n\t\t\n\t\n\t<div class=\"m-block__container container\"\n\t\tstyle=\"\">\n        \n            <div class=\"l-heading-top\">\n        <div class=\"c-heading -h2 \">\n\t\t\t\n\t\t\t\t\t\t\t<h2  class=\"c-heading__title\">Lo que <em>Distingue<\/em> Nuestras Opciones de Seguro<\/h2>\t\t\t\n                            <div class=\"c-heading__sub\">\n                    Descubre las Caracter\u00edsticas \u00danicas de Nuestra Amplia Cobertura                <\/div>\n                    <\/div>\n            <\/div>\n\n\t\t<div class=\"l-cards l-cards-v2\"\n\t\t\tdata-grid-col=\"4\">\n\t\t\t\t\t\t\t\t\t<div class=\"l-cards__item\">\n\t\t\t\t\t\t<div class=\"c-card\">\n            <div class=\"c-card-icon\">\n            <img loading=\"lazy\" decoding=\"async\" width=\"44\" height=\"44\" src=\"https:\/\/protectioninsurance.com\/wp-content\/uploads\/2024\/07\/checkmark-badge.svg\" class=\"c-card-icon__src\" alt=\"checkmark-badge-2\" \/>        <\/div>\n    \n    <div class=\"c-card__text\">\n                    <div class=\"c-card__title\">\n                <h4  class=\"-h4\">Protecci\u00f3n Financiera<\/h4>            <\/div>\n        \n                    <div class=\"c-card__description\">\n                <p>Asegura que tus seres queridos no enfrenten dificultades econ\u00f3micas tras tu fallecimiento, ayudando a cubrir gastos inmediatos como funerales, hipotecas y deudas.<\/p>\n            <\/div>\n            <\/div>\n<\/div>\n\t\t\t\t\t<\/div>\n\t\t\t\t\t\t\t\t\t<div class=\"l-cards__item\">\n\t\t\t\t\t\t<div class=\"c-card\">\n            <div class=\"c-card-icon\">\n            <img loading=\"lazy\" decoding=\"async\" width=\"44\" height=\"44\" src=\"https:\/\/protectioninsurance.com\/wp-content\/uploads\/2024\/07\/checkmark-badge.svg\" class=\"c-card-icon__src\" alt=\"checkmark-badge-2\" \/>        <\/div>\n    \n    <div class=\"c-card__text\">\n                    <div class=\"c-card__title\">\n                <h4  class=\"-h4\">Acumulaci\u00f3n de Valor en Efectivo<\/h4>            <\/div>\n        \n                    <div class=\"c-card__description\">\n                <p>Para el seguro de vida permanente, el valor en efectivo puede servir como una fuente de ahorro o inversi\u00f3n a largo plazo, proporcionando beneficios adicionales durante tu vida.<\/p>\n            <\/div>\n            <\/div>\n<\/div>\n\t\t\t\t\t<\/div>\n\t\t\t\t\t\t\t\t\t<div class=\"l-cards__item\">\n\t\t\t\t\t\t<div class=\"c-card\">\n            <div class=\"c-card-icon\">\n            <img loading=\"lazy\" decoding=\"async\" width=\"44\" height=\"44\" src=\"https:\/\/protectioninsurance.com\/wp-content\/uploads\/2024\/07\/checkmark-badge.svg\" class=\"c-card-icon__src\" alt=\"checkmark-badge-2\" \/>        <\/div>\n    \n    <div class=\"c-card__text\">\n                    <div class=\"c-card__title\">\n                <h4  class=\"-h4\">Beneficios Fiscales<\/h4>            <\/div>\n        \n                    <div class=\"c-card__description\">\n                <p>Los beneficios por fallecimiento generalmente est\u00e1n exentos de impuestos federales sobre la renta, garantizando que tus beneficiarios reciban el monto total del beneficio.<\/p>\n            <\/div>\n            <\/div>\n<\/div>\n\t\t\t\t\t<\/div>\n\t\t\t\t\t\t\t\t\t<div class=\"l-cards__item\">\n\t\t\t\t\t\t<div class=\"c-card\">\n            <div class=\"c-card-icon\">\n            <img loading=\"lazy\" decoding=\"async\" width=\"44\" height=\"44\" src=\"https:\/\/protectioninsurance.com\/wp-content\/uploads\/2024\/07\/checkmark-badge.svg\" class=\"c-card-icon__src\" alt=\"checkmark-badge-2\" \/>        <\/div>\n    \n    <div class=\"c-card__text\">\n                    <div class=\"c-card__title\">\n                <h4  class=\"-h4\">Tranquilidad<\/h4>            <\/div>\n        \n                    <div class=\"c-card__description\">\n                <p>Proporciona tranquilidad al saber que tus seres queridos estar\u00e1n respaldados financieramente, sin importar lo que depar\u00e9 el futuro.<\/p>\n            <\/div>\n            <\/div>\n<\/div>\n\t\t\t\t\t<\/div>\n\t\t\t\t\t\t<\/div>\n\n\t<\/div>\n\n<\/div>\n","protected":false},"excerpt":{"rendered":"","protected":false},"author":541,"featured_media":0,"parent":783,"menu_order":0,"comment_status":"closed","ping_status":"closed","template":"","meta":{"_acf_changed":false,"inline_featured_image":false,"footnotes":""},"class_list":["post-1233","page","type-page","status-publish","hentry"],"acf":[],"yoast_head":"<!-- This site is optimized with the Yoast SEO plugin v27.4 - https:\/\/yoast.com\/product\/yoast-seo-wordpress\/ -->\n<title>Seguros de Vida - Protection Insurance<\/title>\n<meta name=\"description\" content=\"Descubre nuestros servicios integrales de seguros de vida, dise\u00f1ados para adaptarse a tus necesidades. \u00a1Obt\u00e9n una cotizaci\u00f3n personalizada!\" \/>\n<meta name=\"robots\" content=\"index, follow, max-snippet:-1, max-image-preview:large, max-video-preview:-1\" \/>\n<link rel=\"canonical\" href=\"https:\/\/protectioninsurance.com\/services\/life-insurance\/\" \/>\n<meta property=\"og:locale\" content=\"es_ES\" \/>\n<meta property=\"og:type\" content=\"article\" \/>\n<meta property=\"og:title\" content=\"Seguros de vida | Protection Insurance\u200b\" \/>\n<meta property=\"og:description\" content=\"Descubre nuestros servicios integrales de seguros de vida, dise\u00f1ados para adaptarse a tus necesidades. \u00a1Obt\u00e9n una cotizaci\u00f3n personalizada!\" \/>\n<meta property=\"og:url\" content=\"https:\/\/protectioninsurance.com\/services\/life-insurance\/\" \/>\n<meta property=\"og:site_name\" content=\"Protection Insurance\" \/>\n<meta property=\"article:modified_time\" content=\"2024-09-18T13:54:06+00:00\" \/>\n<meta property=\"og:image\" content=\"https:\/\/protectioninsurance.com\/wp-content\/uploads\/2024\/08\/New-Project-14.jpg\" \/>\n\t<meta property=\"og:image:width\" content=\"619\" \/>\n\t<meta property=\"og:image:height\" content=\"244\" \/>\n\t<meta property=\"og:image:type\" content=\"image\/jpeg\" \/>\n<meta name=\"twitter:card\" content=\"summary_large_image\" \/>\n<meta name=\"twitter:label1\" content=\"Tiempo de lectura\" \/>\n\t<meta name=\"twitter:data1\" content=\"5 minutos\" \/>\n<script type=\"application\/ld+json\" class=\"yoast-schema-graph\">{\"@context\":\"https:\\\/\\\/schema.org\",\"@graph\":[{\"@type\":\"WebPage\",\"@id\":\"https:\\\/\\\/protectioninsurance.com\\\/services\\\/life-insurance\\\/\",\"url\":\"https:\\\/\\\/protectioninsurance.com\\\/services\\\/life-insurance\\\/\",\"name\":\"Seguros de Vida - Protection Insurance\",\"isPartOf\":{\"@id\":\"https:\\\/\\\/protectioninsurance.com\\\/#website\"},\"datePublished\":\"2024-06-28T17:13:39+00:00\",\"dateModified\":\"2024-09-18T13:54:06+00:00\",\"description\":\"Descubre nuestros servicios integrales de seguros de vida, dise\u00f1ados para adaptarse a tus necesidades. \u00a1Obt\u00e9n una cotizaci\u00f3n personalizada!\",\"breadcrumb\":{\"@id\":\"https:\\\/\\\/protectioninsurance.com\\\/services\\\/life-insurance\\\/#breadcrumb\"},\"inLanguage\":\"es\",\"potentialAction\":[{\"@type\":\"ReadAction\",\"target\":[\"https:\\\/\\\/protectioninsurance.com\\\/services\\\/life-insurance\\\/\"]}]},{\"@type\":\"BreadcrumbList\",\"@id\":\"https:\\\/\\\/protectioninsurance.com\\\/services\\\/life-insurance\\\/#breadcrumb\",\"itemListElement\":[{\"@type\":\"ListItem\",\"position\":1,\"name\":\"Home\",\"item\":\"https:\\\/\\\/protectioninsurance.com\\\/es\\\/\"},{\"@type\":\"ListItem\",\"position\":2,\"name\":\"Servicios\",\"item\":\"https:\\\/\\\/protectioninsurance.com\\\/es\\\/servicios\\\/\"},{\"@type\":\"ListItem\",\"position\":3,\"name\":\"Seguros de Vida\"}]},{\"@type\":\"WebSite\",\"@id\":\"https:\\\/\\\/protectioninsurance.com\\\/#website\",\"url\":\"https:\\\/\\\/protectioninsurance.com\\\/\",\"name\":\"Protection Insurance\",\"description\":\"\",\"potentialAction\":[{\"@type\":\"SearchAction\",\"target\":{\"@type\":\"EntryPoint\",\"urlTemplate\":\"https:\\\/\\\/protectioninsurance.com\\\/?s={search_term_string}\"},\"query-input\":{\"@type\":\"PropertyValueSpecification\",\"valueRequired\":true,\"valueName\":\"search_term_string\"}}],\"inLanguage\":\"es\"}]}<\/script>\n<!-- \/ Yoast SEO plugin. -->","yoast_head_json":{"title":"Seguros de Vida - Protection Insurance","description":"Descubre nuestros servicios integrales de seguros de vida, dise\u00f1ados para adaptarse a tus necesidades. \u00a1Obt\u00e9n una cotizaci\u00f3n personalizada!","robots":{"index":"index","follow":"follow","max-snippet":"max-snippet:-1","max-image-preview":"max-image-preview:large","max-video-preview":"max-video-preview:-1"},"canonical":"https:\/\/protectioninsurance.com\/services\/life-insurance\/","og_locale":"es_ES","og_type":"article","og_title":"Seguros de vida | Protection Insurance\u200b","og_description":"Descubre nuestros servicios integrales de seguros de vida, dise\u00f1ados para adaptarse a tus necesidades. \u00a1Obt\u00e9n una cotizaci\u00f3n personalizada!","og_url":"https:\/\/protectioninsurance.com\/services\/life-insurance\/","og_site_name":"Protection Insurance","article_modified_time":"2024-09-18T13:54:06+00:00","og_image":[{"width":619,"height":244,"url":"https:\/\/protectioninsurance.com\/wp-content\/uploads\/2024\/08\/New-Project-14.jpg","type":"image\/jpeg"}],"twitter_card":"summary_large_image","twitter_misc":{"Tiempo de lectura":"5 minutos"},"schema":{"@context":"https:\/\/schema.org","@graph":[{"@type":"WebPage","@id":"https:\/\/protectioninsurance.com\/services\/life-insurance\/","url":"https:\/\/protectioninsurance.com\/services\/life-insurance\/","name":"Seguros de Vida - Protection Insurance","isPartOf":{"@id":"https:\/\/protectioninsurance.com\/#website"},"datePublished":"2024-06-28T17:13:39+00:00","dateModified":"2024-09-18T13:54:06+00:00","description":"Descubre nuestros servicios integrales de seguros de vida, dise\u00f1ados para adaptarse a tus necesidades. \u00a1Obt\u00e9n una cotizaci\u00f3n personalizada!","breadcrumb":{"@id":"https:\/\/protectioninsurance.com\/services\/life-insurance\/#breadcrumb"},"inLanguage":"es","potentialAction":[{"@type":"ReadAction","target":["https:\/\/protectioninsurance.com\/services\/life-insurance\/"]}]},{"@type":"BreadcrumbList","@id":"https:\/\/protectioninsurance.com\/services\/life-insurance\/#breadcrumb","itemListElement":[{"@type":"ListItem","position":1,"name":"Home","item":"https:\/\/protectioninsurance.com\/es\/"},{"@type":"ListItem","position":2,"name":"Servicios","item":"https:\/\/protectioninsurance.com\/es\/servicios\/"},{"@type":"ListItem","position":3,"name":"Seguros de Vida"}]},{"@type":"WebSite","@id":"https:\/\/protectioninsurance.com\/#website","url":"https:\/\/protectioninsurance.com\/","name":"Protection Insurance","description":"","potentialAction":[{"@type":"SearchAction","target":{"@type":"EntryPoint","urlTemplate":"https:\/\/protectioninsurance.com\/?s={search_term_string}"},"query-input":{"@type":"PropertyValueSpecification","valueRequired":true,"valueName":"search_term_string"}}],"inLanguage":"es"}]}},"_links":{"self":[{"href":"https:\/\/protectioninsurance.com\/es\/wp-json\/wp\/v2\/pages\/1233","targetHints":{"allow":["GET"]}}],"collection":[{"href":"https:\/\/protectioninsurance.com\/es\/wp-json\/wp\/v2\/pages"}],"about":[{"href":"https:\/\/protectioninsurance.com\/es\/wp-json\/wp\/v2\/types\/page"}],"author":[{"embeddable":true,"href":"https:\/\/protectioninsurance.com\/es\/wp-json\/wp\/v2\/users\/541"}],"replies":[{"embeddable":true,"href":"https:\/\/protectioninsurance.com\/es\/wp-json\/wp\/v2\/comments?post=1233"}],"version-history":[{"count":5,"href":"https:\/\/protectioninsurance.com\/es\/wp-json\/wp\/v2\/pages\/1233\/revisions"}],"predecessor-version":[{"id":3041,"href":"https:\/\/protectioninsurance.com\/es\/wp-json\/wp\/v2\/pages\/1233\/revisions\/3041"}],"up":[{"embeddable":true,"href":"https:\/\/protectioninsurance.com\/es\/wp-json\/wp\/v2\/pages\/783"}],"wp:attachment":[{"href":"https:\/\/protectioninsurance.com\/es\/wp-json\/wp\/v2\/media?parent=1233"}],"curies":[{"name":"wp","href":"https:\/\/api.w.org\/{rel}","templated":true}]}}