{"id":3088,"date":"2024-08-23T09:54:53","date_gmt":"2024-08-23T13:54:53","guid":{"rendered":"https:\/\/protectioninsurance.com\/agent-dashboard-protection-insurance\/"},"modified":"2024-09-27T09:53:39","modified_gmt":"2024-09-27T13:53:39","slug":"inicio-de-sesion","status":"publish","type":"page","link":"https:\/\/protectioninsurance.com\/es\/inicio-de-sesion\/","title":{"rendered":"Inicio de sesi\u00f3n"},"content":{"rendered":"<div class=\"m-wrapper  gt gb has-columns align-top container-fluid\" style='--wrap-col-1: 50%;--wrap-col-2: 50%;--wrap-col-gap: 20px;'>\n\n\t\n\t\n\t<div class=\"m-wrapper__inner\">\n\t\t\n<div class=\"m-wrapper-column \">\n\t\n<div class=\"m-form user-dashboard-login-form  \" >\n\n\t\n\t\n\t<div class=\"m-form__container container-fluid\" >\n\n        <div class=\"m-form__inner container style-\">\n\n                <div class=\"c-heading -h1 \">\n\t\t\n\t\t\n\t\t\t\t\t<h1  class=\"c-heading__title\"> Inicio de sesi\u00f3n<\/h1>\t\t\n\t\t    <\/div>\n    <div class=\"c-heading__description is-wysiwyg\">\n        <p>Ingresa tu direcci\u00f3n de correo electr\u00f3nico y contrase\u00f1a para acceder al panel de administraci\u00f3n.<\/p>\n    <\/div>\n\n            <div class=\"m-form__form is-wysiwyg\">\n                <div class=\"c-form\">\n                    \n                    <form name=\"loginform\" id=\"loginform\" action=\"https:\/\/protectioninsurance.com\/es\/wp-login.php\" method=\"post\"><p class=\"login-username\">\n                    <label for=\"user_login\">Correo electr\u00f3nico<\/label>\n                    <input type=\"text\" name=\"log\" id=\"user_login\" autocomplete=\"username\" class=\"input\" value=\"\" size=\"20\" required=\"required\" \/>\n                <\/p><p class=\"login-password\">\n                    <label for=\"user_pass\">Contrase\u00f1a<\/label>\n                    <input type=\"password\" name=\"pwd\" id=\"user_pass\" autocomplete=\"current-password\" spellcheck=\"false\" class=\"input\" value=\"\" size=\"20\" required=\"required\" \/>\n                <\/p><p class=\"login-remember\"><label><input name=\"rememberme\" type=\"checkbox\" id=\"rememberme\" value=\"forever\" \/> Recu\u00e9rdame<\/label><\/p><p class=\"login-submit\">\n                    <button type=\"submit\" class=\"wp-submit c-btn -primary \"id=\"wp-submit\"><span class=\"c-btn__inner\"><span class=\"c-btn__txt\">Acceder<\/span><\/span><\/button>\n                    <input type=\"hidden\" name=\"redirect_to\" value=\"https:\/\/protectioninsurance.com\/es\/?page_id=3573\" \/>\n                <\/p><\/form>                <\/div>\n            <\/div>\n\n\t\t<\/div>\n\t<\/div>\n\n<\/div>\n\n<div class=\"m-block  l-content-simple-1\"  >\n\n\t\n\t\n\t<div class=\"m-block__container container\" style=\"\">\n\n\t\t<div class=\"l-heading text-right l-heading-v1\">\n\n\t\t\t\n\t\t\t\t    <div class=\"c-block__btn\">\n\t\t\n\t\t\t<a href=\"\/es\/inicio-de-sesion\/recuperar-contrasena\/\"  class=\"c-btn -normal -link has-icon icon-right \"><span class=\"c-btn__inner\"><span class=\"c-btn__txt\">\u00bfOlvidaste tu contrase\u00f1a?<\/span><span class=\"c-btn__ico\"><?xml version=\"1.0\" encoding=\"UTF-8\"?>\n<svg xmlns=\"http:\/\/www.w3.org\/2000\/svg\" width=\"25\" height=\"26\" viewBox=\"0 0 25 26\" fill=\"none\">\n  <circle cx=\"12.5\" cy=\"12.8\" r=\"12.5\" fill=\"#4DB7EF\"><\/circle>\n  <path fill-rule=\"evenodd\" clip-rule=\"evenodd\" d=\"M14.4 12.8 9 8.4l1.2-1.1 6.8 5.5-6.8 5.5L9 17.2z\" fill=\"#1E2D5E\"><\/path>\n<\/svg>\n<\/span><\/span><\/a>\n\t\t    <\/div>\n\t\n\t\t<\/div>\n\n\t<\/div>\n\n\t\n<\/div>\n\n\n<\/div>\n\n\n<div class=\"m-wrapper-column \">\n\t\n<div class=\"m-gallery  big-logo\"  >\n\n\t\n\t\n\t<div class=\"m-gallery__container container-fluid\" style=\"\">\n\t\t<div class=\"m-gallery__inner\">\n\n\t\t\t<div class=\"l-gallery l-gallery-v1 floatbox\" data-fb-options=\"showControlsText:false showOuterClose:true showClose:false group:gallery overlayOpacity:0.55 overlayColor:#000000 \" style=\"--l-block-col: 1;--l-block-gap-vertical: 20px;--l-block-gap-horizontal: 20px\">\n\n\t\t\t\t\n\t\t\t\t\t\n\t\t\t\t\t\t\n\n    <div class=\"c-gallery-card \" style=\"--c-block-gap-vertical:0px;--c-block-gap-horizontal:0px;--c-block-radius:0px;\">\n\n        <a href=\"https:\/\/protectioninsurance.com\/wp-content\/uploads\/2024\/08\/logo-01-768x382-1.png\" title=\"\">\n\n\t\t\t            <div class=\"c-image\">\n            <figure class=\"c-image__media c-image__primary\">\n                <img decoding=\"async\" class=\"c-image__src lazy\" loading=\"lazy\" src=\"https:\/\/protectioninsurance.com\/wp-content\/uploads\/2024\/08\/logo-01-768x382-1.png\"  alt=\"logo-01-768&#215;382\" width=\"768\" height=\"382\"\/>            <\/figure>\n        <\/div>\n            <\/a>\n\n    <\/div>\n\n\n\t\t\t\t\t\n\t\t\t\t\n\t\t\t<\/div>\n\n\t\t<\/div>\n\t<\/div>\n<\/div>\n\n\n<div class=\"m-gallery  little-logos\"  >\n\n\t\n\t\n\t<div class=\"m-gallery__container container-fluid\" style=\"\">\n\t\t<div class=\"m-gallery__inner\">\n\n\t\t\t<div class=\"l-gallery l-gallery-v1 floatbox\" data-fb-options=\"showControlsText:false showOuterClose:true showClose:false group:gallery overlayOpacity:0.55 overlayColor:#000000 \" style=\"--l-block-col: 4;--l-block-gap-vertical: 15px;--l-block-gap-horizontal: 15px\">\n\n\t\t\t\t\n\t\t\t\t\t\n\t\t\t\t\t\t\n\n    <div class=\"c-gallery-card \" style=\"--c-block-gap-vertical:0px;--c-block-gap-horizontal:0px;--c-block-radius:0px;\">\n\n        <a href=\"https:\/\/protectioninsurance.com\/wp-content\/uploads\/2024\/08\/21.png\" title=\"\">\n\n\t\t\t            <div class=\"c-image\">\n            <figure class=\"c-image__media c-image__primary\">\n                <img decoding=\"async\" class=\"c-image__src lazy\" loading=\"lazy\" src=\"https:\/\/protectioninsurance.com\/wp-content\/uploads\/2024\/08\/21.png\"  alt=\"21\" width=\"500\" height=\"500\"\/>            <\/figure>\n        <\/div>\n            <\/a>\n\n    <\/div>\n\n\n\t\t\t\t\t\n\t\t\t\t\t\t\n\n    <div class=\"c-gallery-card \" style=\"--c-block-gap-vertical:0px;--c-block-gap-horizontal:0px;--c-block-radius:0px;\">\n\n        <a href=\"https:\/\/protectioninsurance.com\/wp-content\/uploads\/2024\/08\/22.png\" title=\"\">\n\n\t\t\t            <div class=\"c-image\">\n            <figure class=\"c-image__media c-image__primary\">\n                <img decoding=\"async\" class=\"c-image__src lazy\" loading=\"lazy\" src=\"https:\/\/protectioninsurance.com\/wp-content\/uploads\/2024\/08\/22.png\"  alt=\"22\" width=\"500\" height=\"500\"\/>            <\/figure>\n        <\/div>\n            <\/a>\n\n    <\/div>\n\n\n\t\t\t\t\t\n\t\t\t\t\t\t\n\n    <div class=\"c-gallery-card \" style=\"--c-block-gap-vertical:0px;--c-block-gap-horizontal:0px;--c-block-radius:0px;\">\n\n        <a href=\"https:\/\/protectioninsurance.com\/wp-content\/uploads\/2024\/08\/23.png\" title=\"\">\n\n\t\t\t            <div class=\"c-image\">\n            <figure class=\"c-image__media c-image__primary\">\n                <img decoding=\"async\" class=\"c-image__src lazy\" loading=\"lazy\" src=\"https:\/\/protectioninsurance.com\/wp-content\/uploads\/2024\/08\/23.png\"  alt=\"23\" width=\"500\" height=\"500\"\/>            <\/figure>\n        <\/div>\n            <\/a>\n\n    <\/div>\n\n\n\t\t\t\t\t\n\t\t\t\t\t\t\n\n    <div class=\"c-gallery-card \" style=\"--c-block-gap-vertical:0px;--c-block-gap-horizontal:0px;--c-block-radius:0px;\">\n\n        <a href=\"https:\/\/protectioninsurance.com\/wp-content\/uploads\/2024\/08\/24.png\" title=\"\">\n\n\t\t\t            <div class=\"c-image\">\n            <figure class=\"c-image__media c-image__primary\">\n                <img decoding=\"async\" class=\"c-image__src lazy\" loading=\"lazy\" src=\"https:\/\/protectioninsurance.com\/wp-content\/uploads\/2024\/08\/24.png\"  alt=\"24\" width=\"500\" height=\"500\"\/>            <\/figure>\n        <\/div>\n            <\/a>\n\n    <\/div>\n\n\n\t\t\t\t\t\n\t\t\t\t\t\t\n\n    <div class=\"c-gallery-card \" style=\"--c-block-gap-vertical:0px;--c-block-gap-horizontal:0px;--c-block-radius:0px;\">\n\n        <a href=\"https:\/\/protectioninsurance.com\/wp-content\/uploads\/2024\/08\/25.png\" title=\"\">\n\n\t\t\t            <div class=\"c-image\">\n            <figure class=\"c-image__media c-image__primary\">\n                <img decoding=\"async\" class=\"c-image__src lazy\" loading=\"lazy\" src=\"https:\/\/protectioninsurance.com\/wp-content\/uploads\/2024\/08\/25.png\"  alt=\"25\" width=\"500\" height=\"500\"\/>            <\/figure>\n        <\/div>\n            <\/a>\n\n    <\/div>\n\n\n\t\t\t\t\t\n\t\t\t\t\t\t\n\n    <div class=\"c-gallery-card \" style=\"--c-block-gap-vertical:0px;--c-block-gap-horizontal:0px;--c-block-radius:0px;\">\n\n        <a href=\"https:\/\/protectioninsurance.com\/wp-content\/uploads\/2024\/08\/26.png\" title=\"\">\n\n\t\t\t            <div class=\"c-image\">\n            <figure class=\"c-image__media c-image__primary\">\n                <img decoding=\"async\" class=\"c-image__src lazy\" loading=\"lazy\" src=\"https:\/\/protectioninsurance.com\/wp-content\/uploads\/2024\/08\/26.png\"  alt=\"26\" width=\"500\" height=\"500\"\/>            <\/figure>\n        <\/div>\n            <\/a>\n\n    <\/div>\n\n\n\t\t\t\t\t\n\t\t\t\t\t\t\n\n    <div class=\"c-gallery-card \" style=\"--c-block-gap-vertical:0px;--c-block-gap-horizontal:0px;--c-block-radius:0px;\">\n\n        <a href=\"https:\/\/protectioninsurance.com\/wp-content\/uploads\/2024\/08\/27.png\" title=\"\">\n\n\t\t\t            <div class=\"c-image\">\n            <figure class=\"c-image__media c-image__primary\">\n                <img decoding=\"async\" class=\"c-image__src lazy\" loading=\"lazy\" src=\"https:\/\/protectioninsurance.com\/wp-content\/uploads\/2024\/08\/27.png\"  alt=\"27\" width=\"500\" height=\"500\"\/>            <\/figure>\n        <\/div>\n            <\/a>\n\n    <\/div>\n\n\n\t\t\t\t\t\n\t\t\t\t\t\t\n\n    <div class=\"c-gallery-card \" style=\"--c-block-gap-vertical:0px;--c-block-gap-horizontal:0px;--c-block-radius:0px;\">\n\n        <a href=\"https:\/\/protectioninsurance.com\/wp-content\/uploads\/2024\/08\/28.png\" title=\"\">\n\n\t\t\t            <div class=\"c-image\">\n            <figure class=\"c-image__media c-image__primary\">\n                <img decoding=\"async\" class=\"c-image__src lazy\" loading=\"lazy\" src=\"https:\/\/protectioninsurance.com\/wp-content\/uploads\/2024\/08\/28.png\"  alt=\"28\" width=\"500\" height=\"500\"\/>            <\/figure>\n        <\/div>\n            <\/a>\n\n    <\/div>\n\n\n\t\t\t\t\t\n\t\t\t\t\n\t\t\t<\/div>\n\n\t\t<\/div>\n\t<\/div>\n<\/div>\n\n\n<\/div>\n\n\n\t<\/div>\n<\/div>\n","protected":false},"excerpt":{"rendered":"","protected":false},"author":541,"featured_media":0,"parent":0,"menu_order":0,"comment_status":"closed","ping_status":"closed","template":"templates\/template-dashboard.php","meta":{"_acf_changed":false,"inline_featured_image":false,"footnotes":""},"class_list":["post-3088","page","type-page","status-publish","hentry"],"acf":[],"yoast_head":"<!-- This site is optimized with the Yoast SEO plugin v27.4 - https:\/\/yoast.com\/product\/yoast-seo-wordpress\/ -->\n<title>Inicio de sesi\u00f3n - Protection Insurance<\/title>\n<meta name=\"description\" content=\"Agent insurance portal to help you boost your career path with Protection Insurance.\" \/>\n<meta name=\"robots\" content=\"noindex, follow\" \/>\n<meta property=\"og:locale\" content=\"es_ES\" \/>\n<meta property=\"og:type\" content=\"article\" \/>\n<meta property=\"og:title\" content=\"Agent Dashboard | Protection Insurance\" \/>\n<meta property=\"og:description\" content=\"Agent insurance portal to help you boost your career path with Protection Insurance.\" \/>\n<meta property=\"og:url\" content=\"https:\/\/protectioninsurance.com\/es\/inicio-de-sesion\/\" \/>\n<meta property=\"og:site_name\" content=\"Protection Insurance\" \/>\n<meta property=\"article:modified_time\" content=\"2024-09-27T13:53:39+00:00\" \/>\n<meta property=\"og:image\" content=\"https:\/\/protectioninsurance.com\/wp-content\/uploads\/2024\/08\/New-Project-15-min.jpg\" \/>\n\t<meta property=\"og:image:width\" content=\"1218\" \/>\n\t<meta property=\"og:image:height\" content=\"1115\" \/>\n\t<meta property=\"og:image:type\" content=\"image\/jpeg\" \/>\n<meta name=\"twitter:card\" content=\"summary_large_image\" \/>\n<script type=\"application\/ld+json\" class=\"yoast-schema-graph\">{\"@context\":\"https:\\\/\\\/schema.org\",\"@graph\":[{\"@type\":\"WebPage\",\"@id\":\"https:\\\/\\\/protectioninsurance.com\\\/es\\\/inicio-de-sesion\\\/\",\"url\":\"https:\\\/\\\/protectioninsurance.com\\\/es\\\/inicio-de-sesion\\\/\",\"name\":\"Inicio de sesi\u00f3n - Protection Insurance\",\"isPartOf\":{\"@id\":\"https:\\\/\\\/protectioninsurance.com\\\/#website\"},\"datePublished\":\"2024-08-23T13:54:53+00:00\",\"dateModified\":\"2024-09-27T13:53:39+00:00\",\"description\":\"Agent insurance portal to help you boost your career path with Protection Insurance.\",\"breadcrumb\":{\"@id\":\"https:\\\/\\\/protectioninsurance.com\\\/es\\\/inicio-de-sesion\\\/#breadcrumb\"},\"inLanguage\":\"es\",\"potentialAction\":[{\"@type\":\"ReadAction\",\"target\":[\"https:\\\/\\\/protectioninsurance.com\\\/es\\\/inicio-de-sesion\\\/\"]}]},{\"@type\":\"BreadcrumbList\",\"@id\":\"https:\\\/\\\/protectioninsurance.com\\\/es\\\/inicio-de-sesion\\\/#breadcrumb\",\"itemListElement\":[{\"@type\":\"ListItem\",\"position\":1,\"name\":\"Home\",\"item\":\"https:\\\/\\\/protectioninsurance.com\\\/es\\\/\"},{\"@type\":\"ListItem\",\"position\":2,\"name\":\"Inicio de sesi\u00f3n\"}]},{\"@type\":\"WebSite\",\"@id\":\"https:\\\/\\\/protectioninsurance.com\\\/#website\",\"url\":\"https:\\\/\\\/protectioninsurance.com\\\/\",\"name\":\"Protection Insurance\",\"description\":\"\",\"potentialAction\":[{\"@type\":\"SearchAction\",\"target\":{\"@type\":\"EntryPoint\",\"urlTemplate\":\"https:\\\/\\\/protectioninsurance.com\\\/?s={search_term_string}\"},\"query-input\":{\"@type\":\"PropertyValueSpecification\",\"valueRequired\":true,\"valueName\":\"search_term_string\"}}],\"inLanguage\":\"es\"}]}<\/script>\n<!-- \/ Yoast SEO plugin. -->","yoast_head_json":{"title":"Inicio de sesi\u00f3n - Protection Insurance","description":"Agent insurance portal to help you boost your career path with Protection Insurance.","robots":{"index":"noindex","follow":"follow"},"og_locale":"es_ES","og_type":"article","og_title":"Agent Dashboard | Protection Insurance","og_description":"Agent insurance portal to help you boost your career path with Protection Insurance.","og_url":"https:\/\/protectioninsurance.com\/es\/inicio-de-sesion\/","og_site_name":"Protection Insurance","article_modified_time":"2024-09-27T13:53:39+00:00","og_image":[{"width":1218,"height":1115,"url":"https:\/\/protectioninsurance.com\/wp-content\/uploads\/2024\/08\/New-Project-15-min.jpg","type":"image\/jpeg"}],"twitter_card":"summary_large_image","schema":{"@context":"https:\/\/schema.org","@graph":[{"@type":"WebPage","@id":"https:\/\/protectioninsurance.com\/es\/inicio-de-sesion\/","url":"https:\/\/protectioninsurance.com\/es\/inicio-de-sesion\/","name":"Inicio de sesi\u00f3n - Protection Insurance","isPartOf":{"@id":"https:\/\/protectioninsurance.com\/#website"},"datePublished":"2024-08-23T13:54:53+00:00","dateModified":"2024-09-27T13:53:39+00:00","description":"Agent insurance portal to help you boost your career path with Protection Insurance.","breadcrumb":{"@id":"https:\/\/protectioninsurance.com\/es\/inicio-de-sesion\/#breadcrumb"},"inLanguage":"es","potentialAction":[{"@type":"ReadAction","target":["https:\/\/protectioninsurance.com\/es\/inicio-de-sesion\/"]}]},{"@type":"BreadcrumbList","@id":"https:\/\/protectioninsurance.com\/es\/inicio-de-sesion\/#breadcrumb","itemListElement":[{"@type":"ListItem","position":1,"name":"Home","item":"https:\/\/protectioninsurance.com\/es\/"},{"@type":"ListItem","position":2,"name":"Inicio de sesi\u00f3n"}]},{"@type":"WebSite","@id":"https:\/\/protectioninsurance.com\/#website","url":"https:\/\/protectioninsurance.com\/","name":"Protection Insurance","description":"","potentialAction":[{"@type":"SearchAction","target":{"@type":"EntryPoint","urlTemplate":"https:\/\/protectioninsurance.com\/?s={search_term_string}"},"query-input":{"@type":"PropertyValueSpecification","valueRequired":true,"valueName":"search_term_string"}}],"inLanguage":"es"}]}},"_links":{"self":[{"href":"https:\/\/protectioninsurance.com\/es\/wp-json\/wp\/v2\/pages\/3088","targetHints":{"allow":["GET"]}}],"collection":[{"href":"https:\/\/protectioninsurance.com\/es\/wp-json\/wp\/v2\/pages"}],"about":[{"href":"https:\/\/protectioninsurance.com\/es\/wp-json\/wp\/v2\/types\/page"}],"author":[{"embeddable":true,"href":"https:\/\/protectioninsurance.com\/es\/wp-json\/wp\/v2\/users\/541"}],"replies":[{"embeddable":true,"href":"https:\/\/protectioninsurance.com\/es\/wp-json\/wp\/v2\/comments?post=3088"}],"version-history":[{"count":5,"href":"https:\/\/protectioninsurance.com\/es\/wp-json\/wp\/v2\/pages\/3088\/revisions"}],"predecessor-version":[{"id":3841,"href":"https:\/\/protectioninsurance.com\/es\/wp-json\/wp\/v2\/pages\/3088\/revisions\/3841"}],"wp:attachment":[{"href":"https:\/\/protectioninsurance.com\/es\/wp-json\/wp\/v2\/media?parent=3088"}],"curies":[{"name":"wp","href":"https:\/\/api.w.org\/{rel}","templated":true}]}}